{"id":16,"date":"2017-11-03T02:00:13","date_gmt":"2017-11-03T01:00:13","guid":{"rendered":"http:\/\/lns-informatique.fr\/?page_id=16"},"modified":"2017-11-04T13:25:01","modified_gmt":"2017-11-04T12:25:01","slug":"accueil","status":"publish","type":"page","link":"https:\/\/lns-informatique.fr\/","title":{"rendered":"Accueil"},"content":{"rendered":"","protected":false},"excerpt":{"rendered":"","protected":false},"author":2,"featured_media":0,"parent":0,"menu_order":0,"comment_status":"closed","ping_status":"closed","template":"","meta":{"_acf_changed":false,"footnotes":""},"class_list":["post-16","page","type-page","status-publish","hentry"],"acf":[],"yoast_head":"<!-- This site is optimized with the Yoast SEO plugin v27.3 - https:\/\/yoast.com\/product\/yoast-seo-wordpress\/ -->\n<title>LNS INFORMATIQUE - ACCUEIL<\/title>\n<meta name=\"description\" content=\"LNS INFORMATIQUE, soci\u00e9t\u00e9 de service informatique bas\u00e9e en Guadeloupe, fait office de responsable informatique pour les PME\/TPE des Antilles et de la Guyane\" \/>\n<meta name=\"robots\" content=\"index, follow, max-snippet:-1, max-image-preview:large, max-video-preview:-1\" \/>\n<link rel=\"canonical\" href=\"https:\/\/lns-informatique.fr\/\" \/>\n<meta property=\"og:locale\" content=\"fr_FR\" \/>\n<meta property=\"og:type\" content=\"article\" \/>\n<meta property=\"og:title\" content=\"LNS INFORMATIQUE - ACCUEIL\" \/>\n<meta property=\"og:description\" content=\"LNS INFORMATIQUE, soci\u00e9t\u00e9 de service informatique bas\u00e9e en Guadeloupe, fait office de responsable informatique pour les PME\/TPE des Antilles et de la Guyane\" \/>\n<meta property=\"og:url\" content=\"https:\/\/lns-informatique.fr\/\" \/>\n<meta property=\"og:site_name\" content=\"LNS Informatique\" \/>\n<meta property=\"article:modified_time\" content=\"2017-11-04T12:25:01+00:00\" \/>\n<meta name=\"twitter:card\" content=\"summary_large_image\" \/>\n<script type=\"application\/ld+json\" class=\"yoast-schema-graph\">{\"@context\":\"https:\\\/\\\/schema.org\",\"@graph\":[{\"@type\":\"WebPage\",\"@id\":\"https:\\\/\\\/lns-informatique.fr\\\/\",\"url\":\"https:\\\/\\\/lns-informatique.fr\\\/\",\"name\":\"LNS INFORMATIQUE - ACCUEIL\",\"isPartOf\":{\"@id\":\"https:\\\/\\\/lns-informatique.fr\\\/#website\"},\"datePublished\":\"2017-11-03T01:00:13+00:00\",\"dateModified\":\"2017-11-04T12:25:01+00:00\",\"description\":\"LNS INFORMATIQUE, soci\u00e9t\u00e9 de service informatique bas\u00e9e en Guadeloupe, fait office de responsable informatique pour les PME\\\/TPE des Antilles et de la Guyane\",\"breadcrumb\":{\"@id\":\"https:\\\/\\\/lns-informatique.fr\\\/#breadcrumb\"},\"inLanguage\":\"fr-FR\",\"potentialAction\":[{\"@type\":\"ReadAction\",\"target\":[\"https:\\\/\\\/lns-informatique.fr\\\/\"]}]},{\"@type\":\"BreadcrumbList\",\"@id\":\"https:\\\/\\\/lns-informatique.fr\\\/#breadcrumb\",\"itemListElement\":[{\"@type\":\"ListItem\",\"position\":1,\"name\":\"Accueil\",\"item\":\"https:\\\/\\\/lns-informatique.fr\\\/\"},{\"@type\":\"ListItem\",\"position\":2,\"name\":\"Accueil\"}]},{\"@type\":\"WebSite\",\"@id\":\"https:\\\/\\\/lns-informatique.fr\\\/#website\",\"url\":\"https:\\\/\\\/lns-informatique.fr\\\/\",\"name\":\"LNS Informatique\",\"description\":\"Never be late again ...\",\"publisher\":{\"@id\":\"https:\\\/\\\/lns-informatique.fr\\\/#organization\"},\"potentialAction\":[{\"@type\":\"SearchAction\",\"target\":{\"@type\":\"EntryPoint\",\"urlTemplate\":\"https:\\\/\\\/lns-informatique.fr\\\/?s={search_term_string}\"},\"query-input\":{\"@type\":\"PropertyValueSpecification\",\"valueRequired\":true,\"valueName\":\"search_term_string\"}}],\"inLanguage\":\"fr-FR\"},{\"@type\":\"Organization\",\"@id\":\"https:\\\/\\\/lns-informatique.fr\\\/#organization\",\"name\":\"LNS Informatique\",\"url\":\"https:\\\/\\\/lns-informatique.fr\\\/\",\"logo\":{\"@type\":\"ImageObject\",\"inLanguage\":\"fr-FR\",\"@id\":\"https:\\\/\\\/lns-informatique.fr\\\/#\\\/schema\\\/logo\\\/image\\\/\",\"url\":\"http:\\\/\\\/lns-informatique.fr\\\/wp-content\\\/uploads\\\/2017\\\/11\\\/cropped-Logo-LNS-150.png\",\"contentUrl\":\"http:\\\/\\\/lns-informatique.fr\\\/wp-content\\\/uploads\\\/2017\\\/11\\\/cropped-Logo-LNS-150.png\",\"width\":512,\"height\":512,\"caption\":\"LNS Informatique\"},\"image\":{\"@id\":\"https:\\\/\\\/lns-informatique.fr\\\/#\\\/schema\\\/logo\\\/image\\\/\"}}]}<\/script>\n<!-- \/ Yoast SEO plugin. -->","yoast_head_json":{"title":"LNS INFORMATIQUE - ACCUEIL","description":"LNS INFORMATIQUE, soci\u00e9t\u00e9 de service informatique bas\u00e9e en Guadeloupe, fait office de responsable informatique pour les PME\/TPE des Antilles et de la Guyane","robots":{"index":"index","follow":"follow","max-snippet":"max-snippet:-1","max-image-preview":"max-image-preview:large","max-video-preview":"max-video-preview:-1"},"canonical":"https:\/\/lns-informatique.fr\/","og_locale":"fr_FR","og_type":"article","og_title":"LNS INFORMATIQUE - ACCUEIL","og_description":"LNS INFORMATIQUE, soci\u00e9t\u00e9 de service informatique bas\u00e9e en Guadeloupe, fait office de responsable informatique pour les PME\/TPE des Antilles et de la Guyane","og_url":"https:\/\/lns-informatique.fr\/","og_site_name":"LNS Informatique","article_modified_time":"2017-11-04T12:25:01+00:00","twitter_card":"summary_large_image","schema":{"@context":"https:\/\/schema.org","@graph":[{"@type":"WebPage","@id":"https:\/\/lns-informatique.fr\/","url":"https:\/\/lns-informatique.fr\/","name":"LNS INFORMATIQUE - ACCUEIL","isPartOf":{"@id":"https:\/\/lns-informatique.fr\/#website"},"datePublished":"2017-11-03T01:00:13+00:00","dateModified":"2017-11-04T12:25:01+00:00","description":"LNS INFORMATIQUE, soci\u00e9t\u00e9 de service informatique bas\u00e9e en Guadeloupe, fait office de responsable informatique pour les PME\/TPE des Antilles et de la Guyane","breadcrumb":{"@id":"https:\/\/lns-informatique.fr\/#breadcrumb"},"inLanguage":"fr-FR","potentialAction":[{"@type":"ReadAction","target":["https:\/\/lns-informatique.fr\/"]}]},{"@type":"BreadcrumbList","@id":"https:\/\/lns-informatique.fr\/#breadcrumb","itemListElement":[{"@type":"ListItem","position":1,"name":"Accueil","item":"https:\/\/lns-informatique.fr\/"},{"@type":"ListItem","position":2,"name":"Accueil"}]},{"@type":"WebSite","@id":"https:\/\/lns-informatique.fr\/#website","url":"https:\/\/lns-informatique.fr\/","name":"LNS Informatique","description":"Never be late again ...","publisher":{"@id":"https:\/\/lns-informatique.fr\/#organization"},"potentialAction":[{"@type":"SearchAction","target":{"@type":"EntryPoint","urlTemplate":"https:\/\/lns-informatique.fr\/?s={search_term_string}"},"query-input":{"@type":"PropertyValueSpecification","valueRequired":true,"valueName":"search_term_string"}}],"inLanguage":"fr-FR"},{"@type":"Organization","@id":"https:\/\/lns-informatique.fr\/#organization","name":"LNS Informatique","url":"https:\/\/lns-informatique.fr\/","logo":{"@type":"ImageObject","inLanguage":"fr-FR","@id":"https:\/\/lns-informatique.fr\/#\/schema\/logo\/image\/","url":"http:\/\/lns-informatique.fr\/wp-content\/uploads\/2017\/11\/cropped-Logo-LNS-150.png","contentUrl":"http:\/\/lns-informatique.fr\/wp-content\/uploads\/2017\/11\/cropped-Logo-LNS-150.png","width":512,"height":512,"caption":"LNS Informatique"},"image":{"@id":"https:\/\/lns-informatique.fr\/#\/schema\/logo\/image\/"}}]}},"_links":{"self":[{"href":"https:\/\/lns-informatique.fr\/index.php\/wp-json\/wp\/v2\/pages\/16","targetHints":{"allow":["GET"]}}],"collection":[{"href":"https:\/\/lns-informatique.fr\/index.php\/wp-json\/wp\/v2\/pages"}],"about":[{"href":"https:\/\/lns-informatique.fr\/index.php\/wp-json\/wp\/v2\/types\/page"}],"author":[{"embeddable":true,"href":"https:\/\/lns-informatique.fr\/index.php\/wp-json\/wp\/v2\/users\/2"}],"replies":[{"embeddable":true,"href":"https:\/\/lns-informatique.fr\/index.php\/wp-json\/wp\/v2\/comments?post=16"}],"version-history":[{"count":3,"href":"https:\/\/lns-informatique.fr\/index.php\/wp-json\/wp\/v2\/pages\/16\/revisions"}],"predecessor-version":[{"id":200,"href":"https:\/\/lns-informatique.fr\/index.php\/wp-json\/wp\/v2\/pages\/16\/revisions\/200"}],"wp:attachment":[{"href":"https:\/\/lns-informatique.fr\/index.php\/wp-json\/wp\/v2\/media?parent=16"}],"curies":[{"name":"wp","href":"https:\/\/api.w.org\/{rel}","templated":true}]}}