{"id":31,"date":"2017-11-03T02:37:23","date_gmt":"2017-11-03T01:37:23","guid":{"rendered":"http:\/\/lns-informatique.fr\/?page_id=31"},"modified":"2017-12-13T01:13:08","modified_gmt":"2017-12-13T00:13:08","slug":"mentions-legales","status":"publish","type":"page","link":"https:\/\/lns-informatique.fr\/index.php\/mentions-legales\/","title":{"rendered":"Mentions L\u00e9gales"},"content":{"rendered":"<p><strong>\u00c9diteur du site :<\/strong><\/p>\n<p>LNS Informatique<br \/>\nSi\u00e8ge social : BP 198, 97170 PETIT-BOURG.<br \/>\nT\u00e9l\u00e9phone : 0590045855<br \/>\nSite internet : <a href=\"http:\/\/www.lns-informatique.fr\">http:\/\/www.lns-informatique.fr<\/a>\u00a0&#8211; Email : <a href=\"mailto:ludj28@ludj28.net\">ludj28@ludj28.net<\/a><br \/>\nSASU au capital de 1000,00 euros<br \/>\nN\u00b0 SIRET : 83370266500013 &#8211; Code NAF : 9511Z<\/p>\n<p><strong>Responsable de la publication :<\/strong><\/p>\n<p>Mr STRAZEL Luiggi, g\u00e9rant de la soci\u00e9t\u00e9 LNS.<\/p>\n<p><strong>H\u00e9bergeur du site :\u00a0<\/strong><\/p>\n<p>OVH<br \/>\nFRANCE<\/p>\n<p>L&rsquo;utilisation de ce site est soumise au respect des lois applicables et des pr\u00e9sentes conditions g\u00e9n\u00e9rales d&rsquo;acc\u00e8s et d&rsquo;utilisation. Nous nous r\u00e9servons le droit de modifier ces derni\u00e8res \u00e0 tout moment, aussi nous invitons les utilisateurs \u00e0 s&rsquo;y reporter r\u00e9guli\u00e8rement.<\/p>\n<p><strong>Loi \u00ab\u00a0Informatique et Libert\u00e9s\u00a0\u00bb<\/strong><\/p>\n<p>En application de la loi Informatique et Libert\u00e9 du 6 janvier 1978, la personne communiquant des informations personnelles aupr\u00e8s de la soci\u00e9t\u00e9 LNS Informatique dispose d&rsquo;un droit d&rsquo;acc\u00e8s, de modification, de rectification ou de suppression des donn\u00e9es le concernant. Ces droits sont exer\u00e7ables en contactant la soci\u00e9t\u00e9 LNS Informatique par courrier postal \u00e0 l&rsquo;adresse \u00ab\u00a050 rue Faubourg ISAAC, 97110 Pointe-\u00e0-Pitre, GUADELOUPE\u00a0\u00bb, ou par courrier \u00e9lectronique \u00e0 l&rsquo;adresse <a href=\"mailto:ludj28@ludj28.net\">ludj28@ludj28.net<\/a>\u00a0ou en remplissant le <a href=\"http:\/\/lns-informatique.fr\/index.php\/contact\/\">formulaire de contact<\/a>.<\/p>\n<p>La soci\u00e9t\u00e9 LNS Informatique se r\u00e9serve le droit de modifier \u00e0 tout moment et sans pr\u00e9avis le contenu du site y compris les pr\u00e9sentes Conditions g\u00e9n\u00e9rales de vente, qui prendront effets sur les ventes post\u00e9rieures \u00e0 sa modification.<\/p>\n","protected":false},"excerpt":{"rendered":"<p>\u00c9diteur du site : LNS Informatique Si\u00e8ge social : BP 198, 97170 PETIT-BOURG. T\u00e9l\u00e9phone : 0590045855 Site internet : http:\/\/www.lns-informatique.fr\u00a0&#8211; Email : ludj28@ludj28.net SASU au capital de 1000,00 euros N\u00b0 SIRET : 83370266500013 &#8211; Code NAF : 9511Z Responsable de la publication : Mr STRAZEL Luiggi, g\u00e9rant de la soci\u00e9t\u00e9 LNS. H\u00e9bergeur du site :\u00a0 [&hellip;]<\/p>\n","protected":false},"author":2,"featured_media":0,"parent":0,"menu_order":901,"comment_status":"closed","ping_status":"closed","template":"","meta":{"_acf_changed":false,"footnotes":""},"class_list":["post-31","page","type-page","status-publish","hentry"],"acf":[],"yoast_head":"<!-- This site is optimized with the Yoast SEO plugin v27.5 - https:\/\/yoast.com\/product\/yoast-seo-wordpress\/ -->\n<title>Mentions L\u00e9gales - LNS Informatique<\/title>\n<meta name=\"robots\" content=\"index, follow, max-snippet:-1, max-image-preview:large, max-video-preview:-1\" \/>\n<link rel=\"canonical\" href=\"http:\/\/lns-informatique.fr\/index.php\/mentions-legales\/\" \/>\n<meta property=\"og:locale\" content=\"fr_FR\" \/>\n<meta property=\"og:type\" content=\"article\" \/>\n<meta property=\"og:title\" content=\"Mentions L\u00e9gales - LNS Informatique\" \/>\n<meta property=\"og:description\" content=\"\u00c9diteur du site : LNS Informatique Si\u00e8ge social : BP 198, 97170 PETIT-BOURG. T\u00e9l\u00e9phone : 0590045855 Site internet : http:\/\/www.lns-informatique.fr\u00a0&#8211; Email : ludj28@ludj28.net SASU au capital de 1000,00 euros N\u00b0 SIRET : 83370266500013 &#8211; Code NAF : 9511Z Responsable de la publication : Mr STRAZEL Luiggi, g\u00e9rant de la soci\u00e9t\u00e9 LNS. H\u00e9bergeur du site :\u00a0 [&hellip;]\" \/>\n<meta property=\"og:url\" content=\"http:\/\/lns-informatique.fr\/index.php\/mentions-legales\/\" \/>\n<meta property=\"og:site_name\" content=\"LNS Informatique\" \/>\n<meta property=\"article:modified_time\" content=\"2017-12-13T00:13:08+00:00\" \/>\n<meta name=\"twitter:card\" content=\"summary_large_image\" \/>\n<meta name=\"twitter:label1\" content=\"Dur\u00e9e de lecture estim\u00e9e\" \/>\n\t<meta name=\"twitter:data1\" content=\"1 minute\" \/>\n<script type=\"application\/ld+json\" class=\"yoast-schema-graph\">{\"@context\":\"https:\\\/\\\/schema.org\",\"@graph\":[{\"@type\":\"WebPage\",\"@id\":\"http:\\\/\\\/lns-informatique.fr\\\/index.php\\\/mentions-legales\\\/\",\"url\":\"http:\\\/\\\/lns-informatique.fr\\\/index.php\\\/mentions-legales\\\/\",\"name\":\"Mentions L\u00e9gales - LNS Informatique\",\"isPartOf\":{\"@id\":\"https:\\\/\\\/lns-informatique.fr\\\/#website\"},\"datePublished\":\"2017-11-03T01:37:23+00:00\",\"dateModified\":\"2017-12-13T00:13:08+00:00\",\"breadcrumb\":{\"@id\":\"http:\\\/\\\/lns-informatique.fr\\\/index.php\\\/mentions-legales\\\/#breadcrumb\"},\"inLanguage\":\"fr-FR\",\"potentialAction\":[{\"@type\":\"ReadAction\",\"target\":[\"http:\\\/\\\/lns-informatique.fr\\\/index.php\\\/mentions-legales\\\/\"]}]},{\"@type\":\"BreadcrumbList\",\"@id\":\"http:\\\/\\\/lns-informatique.fr\\\/index.php\\\/mentions-legales\\\/#breadcrumb\",\"itemListElement\":[{\"@type\":\"ListItem\",\"position\":1,\"name\":\"Accueil\",\"item\":\"https:\\\/\\\/lns-informatique.fr\\\/\"},{\"@type\":\"ListItem\",\"position\":2,\"name\":\"Mentions L\u00e9gales\"}]},{\"@type\":\"WebSite\",\"@id\":\"https:\\\/\\\/lns-informatique.fr\\\/#website\",\"url\":\"https:\\\/\\\/lns-informatique.fr\\\/\",\"name\":\"LNS Informatique\",\"description\":\"Never be late again ...\",\"publisher\":{\"@id\":\"https:\\\/\\\/lns-informatique.fr\\\/#organization\"},\"potentialAction\":[{\"@type\":\"SearchAction\",\"target\":{\"@type\":\"EntryPoint\",\"urlTemplate\":\"https:\\\/\\\/lns-informatique.fr\\\/?s={search_term_string}\"},\"query-input\":{\"@type\":\"PropertyValueSpecification\",\"valueRequired\":true,\"valueName\":\"search_term_string\"}}],\"inLanguage\":\"fr-FR\"},{\"@type\":\"Organization\",\"@id\":\"https:\\\/\\\/lns-informatique.fr\\\/#organization\",\"name\":\"LNS Informatique\",\"url\":\"https:\\\/\\\/lns-informatique.fr\\\/\",\"logo\":{\"@type\":\"ImageObject\",\"inLanguage\":\"fr-FR\",\"@id\":\"https:\\\/\\\/lns-informatique.fr\\\/#\\\/schema\\\/logo\\\/image\\\/\",\"url\":\"http:\\\/\\\/lns-informatique.fr\\\/wp-content\\\/uploads\\\/2017\\\/11\\\/cropped-Logo-LNS-150.png\",\"contentUrl\":\"http:\\\/\\\/lns-informatique.fr\\\/wp-content\\\/uploads\\\/2017\\\/11\\\/cropped-Logo-LNS-150.png\",\"width\":512,\"height\":512,\"caption\":\"LNS Informatique\"},\"image\":{\"@id\":\"https:\\\/\\\/lns-informatique.fr\\\/#\\\/schema\\\/logo\\\/image\\\/\"}}]}<\/script>\n<!-- \/ Yoast SEO plugin. -->","yoast_head_json":{"title":"Mentions L\u00e9gales - LNS Informatique","robots":{"index":"index","follow":"follow","max-snippet":"max-snippet:-1","max-image-preview":"max-image-preview:large","max-video-preview":"max-video-preview:-1"},"canonical":"http:\/\/lns-informatique.fr\/index.php\/mentions-legales\/","og_locale":"fr_FR","og_type":"article","og_title":"Mentions L\u00e9gales - LNS Informatique","og_description":"\u00c9diteur du site : LNS Informatique Si\u00e8ge social : BP 198, 97170 PETIT-BOURG. T\u00e9l\u00e9phone : 0590045855 Site internet : http:\/\/www.lns-informatique.fr\u00a0&#8211; Email : ludj28@ludj28.net SASU au capital de 1000,00 euros N\u00b0 SIRET : 83370266500013 &#8211; Code NAF : 9511Z Responsable de la publication : Mr STRAZEL Luiggi, g\u00e9rant de la soci\u00e9t\u00e9 LNS. H\u00e9bergeur du site :\u00a0 [&hellip;]","og_url":"http:\/\/lns-informatique.fr\/index.php\/mentions-legales\/","og_site_name":"LNS Informatique","article_modified_time":"2017-12-13T00:13:08+00:00","twitter_card":"summary_large_image","twitter_misc":{"Dur\u00e9e de lecture estim\u00e9e":"1 minute"},"schema":{"@context":"https:\/\/schema.org","@graph":[{"@type":"WebPage","@id":"http:\/\/lns-informatique.fr\/index.php\/mentions-legales\/","url":"http:\/\/lns-informatique.fr\/index.php\/mentions-legales\/","name":"Mentions L\u00e9gales - LNS Informatique","isPartOf":{"@id":"https:\/\/lns-informatique.fr\/#website"},"datePublished":"2017-11-03T01:37:23+00:00","dateModified":"2017-12-13T00:13:08+00:00","breadcrumb":{"@id":"http:\/\/lns-informatique.fr\/index.php\/mentions-legales\/#breadcrumb"},"inLanguage":"fr-FR","potentialAction":[{"@type":"ReadAction","target":["http:\/\/lns-informatique.fr\/index.php\/mentions-legales\/"]}]},{"@type":"BreadcrumbList","@id":"http:\/\/lns-informatique.fr\/index.php\/mentions-legales\/#breadcrumb","itemListElement":[{"@type":"ListItem","position":1,"name":"Accueil","item":"https:\/\/lns-informatique.fr\/"},{"@type":"ListItem","position":2,"name":"Mentions L\u00e9gales"}]},{"@type":"WebSite","@id":"https:\/\/lns-informatique.fr\/#website","url":"https:\/\/lns-informatique.fr\/","name":"LNS Informatique","description":"Never be late again ...","publisher":{"@id":"https:\/\/lns-informatique.fr\/#organization"},"potentialAction":[{"@type":"SearchAction","target":{"@type":"EntryPoint","urlTemplate":"https:\/\/lns-informatique.fr\/?s={search_term_string}"},"query-input":{"@type":"PropertyValueSpecification","valueRequired":true,"valueName":"search_term_string"}}],"inLanguage":"fr-FR"},{"@type":"Organization","@id":"https:\/\/lns-informatique.fr\/#organization","name":"LNS Informatique","url":"https:\/\/lns-informatique.fr\/","logo":{"@type":"ImageObject","inLanguage":"fr-FR","@id":"https:\/\/lns-informatique.fr\/#\/schema\/logo\/image\/","url":"http:\/\/lns-informatique.fr\/wp-content\/uploads\/2017\/11\/cropped-Logo-LNS-150.png","contentUrl":"http:\/\/lns-informatique.fr\/wp-content\/uploads\/2017\/11\/cropped-Logo-LNS-150.png","width":512,"height":512,"caption":"LNS Informatique"},"image":{"@id":"https:\/\/lns-informatique.fr\/#\/schema\/logo\/image\/"}}]}},"_links":{"self":[{"href":"https:\/\/lns-informatique.fr\/index.php\/wp-json\/wp\/v2\/pages\/31","targetHints":{"allow":["GET"]}}],"collection":[{"href":"https:\/\/lns-informatique.fr\/index.php\/wp-json\/wp\/v2\/pages"}],"about":[{"href":"https:\/\/lns-informatique.fr\/index.php\/wp-json\/wp\/v2\/types\/page"}],"author":[{"embeddable":true,"href":"https:\/\/lns-informatique.fr\/index.php\/wp-json\/wp\/v2\/users\/2"}],"replies":[{"embeddable":true,"href":"https:\/\/lns-informatique.fr\/index.php\/wp-json\/wp\/v2\/comments?post=31"}],"version-history":[{"count":8,"href":"https:\/\/lns-informatique.fr\/index.php\/wp-json\/wp\/v2\/pages\/31\/revisions"}],"predecessor-version":[{"id":238,"href":"https:\/\/lns-informatique.fr\/index.php\/wp-json\/wp\/v2\/pages\/31\/revisions\/238"}],"wp:attachment":[{"href":"https:\/\/lns-informatique.fr\/index.php\/wp-json\/wp\/v2\/media?parent=31"}],"curies":[{"name":"wp","href":"https:\/\/api.w.org\/{rel}","templated":true}]}}