{"id":311,"date":"2018-04-11T15:18:13","date_gmt":"2018-04-11T13:18:13","guid":{"rendered":"http:\/\/lns-informatique.fr\/?page_id=311"},"modified":"2018-04-11T15:39:24","modified_gmt":"2018-04-11T13:39:24","slug":"cgv","status":"publish","type":"page","link":"https:\/\/lns-informatique.fr\/index.php\/cgv\/","title":{"rendered":"CGV"},"content":{"rendered":"<h1 style=\"text-align: center;\"><span style=\"color: #3366ff;\"><b>CONDITIONS G\u00c9N\u00c9RALES\u00a0DE LNS INFORMATIQUE<\/b><\/span><\/h1>\n<p>&nbsp;<\/p>\n<p>&nbsp;<\/p>\n<p><span style=\"color: #3366ff;\"><strong>1 &#8211; Objet<\/strong><\/span><br \/>\nLes conditions g\u00e9n\u00e9rales de vente (CGV) d\u00e9crites ci-apr\u00e8s d\u00e9taillent les droits et obligations de la soci\u00e9t\u00e9 LNS INFORMATIQUE et de son client dans le cadre de la vente de prestations de service, mat\u00e9riels et logiciels informatiques.<br \/>\nToute prestation accomplie par la soci\u00e9t\u00e9 LNS INFORMATIQUE implique donc l&rsquo;adh\u00e9sion sans r\u00e9serve de l&rsquo;acheteur aux pr\u00e9sentes conditions g\u00e9n\u00e9rales de vente.<\/p>\n<p>Les CGV s\u2019appliquent automatiquement \u00e0 tout contrat pass\u00e9 entre LNS INFORMATIQUE et ses Clients et \u00e9cartent toute autre condition g\u00e9n\u00e9rale. Les CGV ne peuvent \u00eatre modifi\u00e9es ou compl\u00e9t\u00e9es que par des conditions sp\u00e9cifiques pr\u00e9alablement et explicitement valid\u00e9es par LNS INFORMATIQUE.<\/p>\n<p><span style=\"color: #3366ff;\"><strong>2 &#8211; Prix<\/strong><\/span><br \/>\nLes prix des produits vendus sont ceux en vigueur au jour de la prise de commande. Ils sont libell\u00e9s en euros et calcul\u00e9s hors taxes. Par voie de cons\u00e9quence, ils seront major\u00e9s du taux de TVA et des frais de transport applicables au jour de la commande.<br \/>\nLa soci\u00e9t\u00e9 LNS INFORMATIQUE s&rsquo;accorde le droit de modifier ses tarifs \u00e0 tout moment. Toutefois, elle s&rsquo;engage \u00e0 facturer les produits command\u00e9s aux prix indiqu\u00e9s lors de l&rsquo;enregistrement de la commande.<\/p>\n<p><strong><span style=\"color: #3366ff;\">3 &#8211; Rabais et ristournes<\/span><br \/>\n<\/strong>Les tarifs propos\u00e9s comprennent les rabais et ristournes que la soci\u00e9t\u00e9 LNS INFORMATIQUE serait amen\u00e9e \u00e0 octroyer compte tenu de ses r\u00e9sultats ou de la prise en charge par l&rsquo;acheteur de certaines prestations.<\/p>\n<p><strong><span style=\"color: #3366ff;\">4 &#8211; Escompte<\/span><br \/>\n<\/strong>Aucun escompte ne sera consenti en cas de paiement anticip\u00e9.<\/p>\n<p><span style=\"color: #3366ff;\"><strong>5 &#8211; Modalit\u00e9s de paiement<br \/>\n<\/strong><\/span>Le r\u00e8glement des commandes s&rsquo;effectue :<br \/>\n&#8211; soit par ch\u00e8que ;<br \/>\n&#8211; soit par carte bancaire ;<br \/>\n&#8211; soit en esp\u00e8ces\u00a0;<br \/>\n&#8211; soit par r\u00e8glement en ligne\u00a0;<br \/>\nLors de l&rsquo;enregistrement de la commande, l&rsquo;acheteur devra verser un acompte de 50% du montant global de la facture, le solde devant \u00eatre pay\u00e9 \u00e0 r\u00e9ception des marchandises ou de la prestation de services.<\/p>\n<p><span style=\"color: #3366ff;\"><strong>6 &#8211; Retard de paiement<br \/>\n<\/strong><\/span>En cas de d\u00e9faut de paiement total ou partiel des marchandises livr\u00e9es au jour de la r\u00e9ception, l&rsquo;acheteur doit verser \u00e0 la soci\u00e9t\u00e9 LNS INFORMATIQUE une p\u00e9nalit\u00e9 de retard \u00e9gale \u00e0 trois fois le taux de l&rsquo;int\u00e9r\u00eat l\u00e9gal. Le taux de l&rsquo;int\u00e9r\u00eat l\u00e9gal retenu est celui en vigueur au jour de la livraison des produits et services.<br \/>\nCette p\u00e9nalit\u00e9 est calcul\u00e9e sur le montant TTC de la somme restant due, et court \u00e0 compter de la date d&rsquo;\u00e9ch\u00e9ance du prix sans qu&rsquo;aucune mise en demeure pr\u00e9alable ne soit n\u00e9cessaire.<br \/>\nEn sus des indemnit\u00e9s de retard, toute somme, y compris l\u2019acompte, non pay\u00e9e \u00e0 sa date d\u2019exigibilit\u00e9 produira de plein droit le paiement d\u2019une indemnit\u00e9 forfaitaire de 40 euros due au titre des frais de recouvrement.<br \/>\n<em>Articles 441-6, I alin\u00e9a 12 et D. 441-5 du code de commerce.<\/em><\/p>\n<p><span style=\"color: #3366ff;\"><strong>7 &#8211; Clause r\u00e9solutoire<br \/>\n<\/strong><\/span>Si dans les trente (30) jours qui suivent la mise en \u0153uvre de la clause \u00a0\u00bb Retard de paiement \u00ab\u00a0, l&rsquo;acheteur ne s&rsquo;est pas acquitt\u00e9 des sommes restant dues, la vente sera r\u00e9solue de plein droit et pourra ouvrir droit \u00e0 l&rsquo;allocation de dommages et int\u00e9r\u00eats au profit de la soci\u00e9t\u00e9 LNS INFORMATIQUE.<\/p>\n<p><span style=\"color: #3366ff;\"><strong>8 &#8211; Clause de r\u00e9serve de propri\u00e9t\u00e9<\/strong><\/span><br \/>\nLa soci\u00e9t\u00e9 LNS INFORMATIQUE conserve la propri\u00e9t\u00e9 des biens vendus jusqu&rsquo;au paiement int\u00e9gral du prix, en principal et en accessoires. \u00c0 ce titre, si l&rsquo;acheteur fait l&rsquo;objet d&rsquo;un redressement ou d&rsquo;une liquidation judiciaire, la soci\u00e9t\u00e9 LNS INFORMATIQUE se r\u00e9serve le droit de revendiquer, dans le cadre de la proc\u00e9dure collective, les marchandises vendues et rest\u00e9es impay\u00e9es.<\/p>\n<p><span style=\"color: #3366ff;\"><strong>9 &#8211; Livraison<\/strong><\/span><br \/>\nLa livraison est effectu\u00e9e :<br \/>\n&#8211; soit par la remise directe de la marchandise \u00e0 l&rsquo;acheteur\u00a0;<br \/>\n&#8211; soit par l&rsquo;envoi d&rsquo;un avis de mise \u00e0 disposition en magasin \u00e0 l&rsquo;attention de l&rsquo;acheteur ;<br \/>\n&#8211; soit au lieu indiqu\u00e9 par l&rsquo;acheteur sur le bon de commande.<br \/>\nLe d\u00e9lai de livraison indiqu\u00e9 lors de l&rsquo;enregistrement de la commande n&rsquo;est donn\u00e9 qu&rsquo;\u00e0 titre indicatif et n&rsquo;est aucunement garanti.<br \/>\nPar voie de cons\u00e9quence, tout retard raisonnable dans la livraison des produits ne pourra pas donner lieu au profit de l&rsquo;acheteur \u00e0 :<br \/>\n+ l&rsquo;allocation de dommages et int\u00e9r\u00eats ;<br \/>\n+ l&rsquo;annulation de la commande.<br \/>\nLe risque du transport est support\u00e9 en totalit\u00e9 par l&rsquo;acheteur.<br \/>\nEn cas de marchandises manquantes ou d\u00e9t\u00e9rior\u00e9es lors du transport, l&rsquo;acheteur devra formuler toutes les r\u00e9serves n\u00e9cessaires sur le bon de commande \u00e0 r\u00e9ception desdites marchandises. Ces r\u00e9serves devront \u00eatre, en outre, confirm\u00e9es par \u00e9crit dans les cinq jours suivant la livraison, par courrier recommand\u00e9 AR.<\/p>\n<p><span style=\"color: #3366ff;\"><strong>10 &#8211; Force majeure<\/strong><\/span><br \/>\nLa responsabilit\u00e9 de la soci\u00e9t\u00e9 LNS INFORMATIQUE ne pourra pas \u00eatre mise en oeuvre si la non-ex\u00e9cution ou le retard dans l&rsquo;ex\u00e9cution de l&rsquo;une de ses obligations d\u00e9crites dans les pr\u00e9sentes conditions g\u00e9n\u00e9rales de vente d\u00e9coule d&rsquo;un cas de force majeure. \u00c0 ce titre, la force majeure s&rsquo;entend de tout \u00e9v\u00e9nement ext\u00e9rieur, impr\u00e9visible et irr\u00e9sistible au sens de l&rsquo;article 1148 du Code civil.<\/p>\n<p><span style=\"color: #3366ff;\"><strong>11 &#8211; Tribunal comp\u00e9tent<br \/>\n<\/strong><\/span>Tout litige relatif \u00e0 l&rsquo;interpr\u00e9tation et \u00e0 l&rsquo;ex\u00e9cution des pr\u00e9sentes conditions g\u00e9n\u00e9rales de vente est soumis au droit fran\u00e7ais.<br \/>\n\u00c0 d\u00e9faut de r\u00e9solution amiable, le litige sera port\u00e9 devant le Tribunal de commerce de Pointe-\u00e0-Pitre.<\/p>\n<p>&nbsp;<\/p>\n<h2 style=\"text-align: right;\"><span style=\"color: #3366ff;\">LNS INFORMATIQUE<\/span><br \/>\n<em>mis \u00e0 jour le 11 Avril 2018<\/em><\/h2>\n<p>&nbsp;<\/p>\n","protected":false},"excerpt":{"rendered":"<p>CONDITIONS G\u00c9N\u00c9RALES\u00a0DE LNS INFORMATIQUE &nbsp; &nbsp; 1 &#8211; Objet Les conditions g\u00e9n\u00e9rales de vente (CGV) d\u00e9crites ci-apr\u00e8s d\u00e9taillent les droits et obligations de la soci\u00e9t\u00e9 LNS INFORMATIQUE et de son client dans le cadre de la vente de prestations de service, mat\u00e9riels et logiciels informatiques. Toute prestation accomplie par la soci\u00e9t\u00e9 LNS INFORMATIQUE implique donc [&hellip;]<\/p>\n","protected":false},"author":2,"featured_media":0,"parent":0,"menu_order":901,"comment_status":"closed","ping_status":"closed","template":"","meta":{"_acf_changed":false,"footnotes":""},"class_list":["post-311","page","type-page","status-publish","hentry"],"acf":[],"yoast_head":"<!-- This site is optimized with the Yoast SEO plugin v27.4 - https:\/\/yoast.com\/product\/yoast-seo-wordpress\/ -->\n<title>CGV - LNS Informatique<\/title>\n<meta name=\"robots\" content=\"index, follow, max-snippet:-1, max-image-preview:large, max-video-preview:-1\" \/>\n<link rel=\"canonical\" href=\"http:\/\/lns-informatique.fr\/index.php\/cgv\/\" \/>\n<meta property=\"og:locale\" content=\"fr_FR\" \/>\n<meta property=\"og:type\" content=\"article\" \/>\n<meta property=\"og:title\" content=\"CGV - LNS Informatique\" \/>\n<meta property=\"og:description\" content=\"CONDITIONS G\u00c9N\u00c9RALES\u00a0DE LNS INFORMATIQUE &nbsp; &nbsp; 1 &#8211; Objet Les conditions g\u00e9n\u00e9rales de vente (CGV) d\u00e9crites ci-apr\u00e8s d\u00e9taillent les droits et obligations de la soci\u00e9t\u00e9 LNS INFORMATIQUE et de son client dans le cadre de la vente de prestations de service, mat\u00e9riels et logiciels informatiques. Toute prestation accomplie par la soci\u00e9t\u00e9 LNS INFORMATIQUE implique donc [&hellip;]\" \/>\n<meta property=\"og:url\" content=\"http:\/\/lns-informatique.fr\/index.php\/cgv\/\" \/>\n<meta property=\"og:site_name\" content=\"LNS Informatique\" \/>\n<meta property=\"article:modified_time\" content=\"2018-04-11T13:39:24+00:00\" \/>\n<meta name=\"twitter:card\" content=\"summary_large_image\" \/>\n<meta name=\"twitter:label1\" content=\"Dur\u00e9e de lecture estim\u00e9e\" \/>\n\t<meta name=\"twitter:data1\" content=\"5 minutes\" \/>\n<script type=\"application\/ld+json\" class=\"yoast-schema-graph\">{\"@context\":\"https:\\\/\\\/schema.org\",\"@graph\":[{\"@type\":\"WebPage\",\"@id\":\"http:\\\/\\\/lns-informatique.fr\\\/index.php\\\/cgv\\\/\",\"url\":\"http:\\\/\\\/lns-informatique.fr\\\/index.php\\\/cgv\\\/\",\"name\":\"CGV - LNS Informatique\",\"isPartOf\":{\"@id\":\"https:\\\/\\\/lns-informatique.fr\\\/#website\"},\"datePublished\":\"2018-04-11T13:18:13+00:00\",\"dateModified\":\"2018-04-11T13:39:24+00:00\",\"breadcrumb\":{\"@id\":\"http:\\\/\\\/lns-informatique.fr\\\/index.php\\\/cgv\\\/#breadcrumb\"},\"inLanguage\":\"fr-FR\",\"potentialAction\":[{\"@type\":\"ReadAction\",\"target\":[\"http:\\\/\\\/lns-informatique.fr\\\/index.php\\\/cgv\\\/\"]}]},{\"@type\":\"BreadcrumbList\",\"@id\":\"http:\\\/\\\/lns-informatique.fr\\\/index.php\\\/cgv\\\/#breadcrumb\",\"itemListElement\":[{\"@type\":\"ListItem\",\"position\":1,\"name\":\"Accueil\",\"item\":\"https:\\\/\\\/lns-informatique.fr\\\/\"},{\"@type\":\"ListItem\",\"position\":2,\"name\":\"CGV\"}]},{\"@type\":\"WebSite\",\"@id\":\"https:\\\/\\\/lns-informatique.fr\\\/#website\",\"url\":\"https:\\\/\\\/lns-informatique.fr\\\/\",\"name\":\"LNS Informatique\",\"description\":\"Never be late again ...\",\"publisher\":{\"@id\":\"https:\\\/\\\/lns-informatique.fr\\\/#organization\"},\"potentialAction\":[{\"@type\":\"SearchAction\",\"target\":{\"@type\":\"EntryPoint\",\"urlTemplate\":\"https:\\\/\\\/lns-informatique.fr\\\/?s={search_term_string}\"},\"query-input\":{\"@type\":\"PropertyValueSpecification\",\"valueRequired\":true,\"valueName\":\"search_term_string\"}}],\"inLanguage\":\"fr-FR\"},{\"@type\":\"Organization\",\"@id\":\"https:\\\/\\\/lns-informatique.fr\\\/#organization\",\"name\":\"LNS Informatique\",\"url\":\"https:\\\/\\\/lns-informatique.fr\\\/\",\"logo\":{\"@type\":\"ImageObject\",\"inLanguage\":\"fr-FR\",\"@id\":\"https:\\\/\\\/lns-informatique.fr\\\/#\\\/schema\\\/logo\\\/image\\\/\",\"url\":\"http:\\\/\\\/lns-informatique.fr\\\/wp-content\\\/uploads\\\/2017\\\/11\\\/cropped-Logo-LNS-150.png\",\"contentUrl\":\"http:\\\/\\\/lns-informatique.fr\\\/wp-content\\\/uploads\\\/2017\\\/11\\\/cropped-Logo-LNS-150.png\",\"width\":512,\"height\":512,\"caption\":\"LNS Informatique\"},\"image\":{\"@id\":\"https:\\\/\\\/lns-informatique.fr\\\/#\\\/schema\\\/logo\\\/image\\\/\"}}]}<\/script>\n<!-- \/ Yoast SEO plugin. -->","yoast_head_json":{"title":"CGV - LNS Informatique","robots":{"index":"index","follow":"follow","max-snippet":"max-snippet:-1","max-image-preview":"max-image-preview:large","max-video-preview":"max-video-preview:-1"},"canonical":"http:\/\/lns-informatique.fr\/index.php\/cgv\/","og_locale":"fr_FR","og_type":"article","og_title":"CGV - LNS Informatique","og_description":"CONDITIONS G\u00c9N\u00c9RALES\u00a0DE LNS INFORMATIQUE &nbsp; &nbsp; 1 &#8211; Objet Les conditions g\u00e9n\u00e9rales de vente (CGV) d\u00e9crites ci-apr\u00e8s d\u00e9taillent les droits et obligations de la soci\u00e9t\u00e9 LNS INFORMATIQUE et de son client dans le cadre de la vente de prestations de service, mat\u00e9riels et logiciels informatiques. Toute prestation accomplie par la soci\u00e9t\u00e9 LNS INFORMATIQUE implique donc [&hellip;]","og_url":"http:\/\/lns-informatique.fr\/index.php\/cgv\/","og_site_name":"LNS Informatique","article_modified_time":"2018-04-11T13:39:24+00:00","twitter_card":"summary_large_image","twitter_misc":{"Dur\u00e9e de lecture estim\u00e9e":"5 minutes"},"schema":{"@context":"https:\/\/schema.org","@graph":[{"@type":"WebPage","@id":"http:\/\/lns-informatique.fr\/index.php\/cgv\/","url":"http:\/\/lns-informatique.fr\/index.php\/cgv\/","name":"CGV - LNS Informatique","isPartOf":{"@id":"https:\/\/lns-informatique.fr\/#website"},"datePublished":"2018-04-11T13:18:13+00:00","dateModified":"2018-04-11T13:39:24+00:00","breadcrumb":{"@id":"http:\/\/lns-informatique.fr\/index.php\/cgv\/#breadcrumb"},"inLanguage":"fr-FR","potentialAction":[{"@type":"ReadAction","target":["http:\/\/lns-informatique.fr\/index.php\/cgv\/"]}]},{"@type":"BreadcrumbList","@id":"http:\/\/lns-informatique.fr\/index.php\/cgv\/#breadcrumb","itemListElement":[{"@type":"ListItem","position":1,"name":"Accueil","item":"https:\/\/lns-informatique.fr\/"},{"@type":"ListItem","position":2,"name":"CGV"}]},{"@type":"WebSite","@id":"https:\/\/lns-informatique.fr\/#website","url":"https:\/\/lns-informatique.fr\/","name":"LNS Informatique","description":"Never be late again ...","publisher":{"@id":"https:\/\/lns-informatique.fr\/#organization"},"potentialAction":[{"@type":"SearchAction","target":{"@type":"EntryPoint","urlTemplate":"https:\/\/lns-informatique.fr\/?s={search_term_string}"},"query-input":{"@type":"PropertyValueSpecification","valueRequired":true,"valueName":"search_term_string"}}],"inLanguage":"fr-FR"},{"@type":"Organization","@id":"https:\/\/lns-informatique.fr\/#organization","name":"LNS Informatique","url":"https:\/\/lns-informatique.fr\/","logo":{"@type":"ImageObject","inLanguage":"fr-FR","@id":"https:\/\/lns-informatique.fr\/#\/schema\/logo\/image\/","url":"http:\/\/lns-informatique.fr\/wp-content\/uploads\/2017\/11\/cropped-Logo-LNS-150.png","contentUrl":"http:\/\/lns-informatique.fr\/wp-content\/uploads\/2017\/11\/cropped-Logo-LNS-150.png","width":512,"height":512,"caption":"LNS Informatique"},"image":{"@id":"https:\/\/lns-informatique.fr\/#\/schema\/logo\/image\/"}}]}},"_links":{"self":[{"href":"https:\/\/lns-informatique.fr\/index.php\/wp-json\/wp\/v2\/pages\/311","targetHints":{"allow":["GET"]}}],"collection":[{"href":"https:\/\/lns-informatique.fr\/index.php\/wp-json\/wp\/v2\/pages"}],"about":[{"href":"https:\/\/lns-informatique.fr\/index.php\/wp-json\/wp\/v2\/types\/page"}],"author":[{"embeddable":true,"href":"https:\/\/lns-informatique.fr\/index.php\/wp-json\/wp\/v2\/users\/2"}],"replies":[{"embeddable":true,"href":"https:\/\/lns-informatique.fr\/index.php\/wp-json\/wp\/v2\/comments?post=311"}],"version-history":[{"count":5,"href":"https:\/\/lns-informatique.fr\/index.php\/wp-json\/wp\/v2\/pages\/311\/revisions"}],"predecessor-version":[{"id":318,"href":"https:\/\/lns-informatique.fr\/index.php\/wp-json\/wp\/v2\/pages\/311\/revisions\/318"}],"wp:attachment":[{"href":"https:\/\/lns-informatique.fr\/index.php\/wp-json\/wp\/v2\/media?parent=311"}],"curies":[{"name":"wp","href":"https:\/\/api.w.org\/{rel}","templated":true}]}}