{"id":322,"date":"2018-04-20T13:25:08","date_gmt":"2018-04-20T11:25:08","guid":{"rendered":"http:\/\/lns-informatique.fr\/?page_id=322"},"modified":"2023-02-01T03:06:03","modified_gmt":"2023-02-01T02:06:03","slug":"nos-tarifs","status":"publish","type":"page","link":"https:\/\/lns-informatique.fr\/index.php\/nos-tarifs\/","title":{"rendered":"Nos Tarifs"},"content":{"rendered":"\n<h2 class=\"wp-block-heading\">Tarifs horaires (Tarifs journaliers sur devis)<\/h2>\n\n\n\n<div class=\"wp-block-columns alignwide is-layout-flex wp-container-core-columns-is-layout-9d6595d7 wp-block-columns-is-layout-flex\">\n<div class=\"wp-block-column has-white-color has-text-color has-background has-link-color wp-elements-a2b85e96d61ae4b63668ac3378f316a3 is-layout-flow wp-block-column-is-layout-flow\" style=\"background:linear-gradient(225deg,rgba(6,147,227,1) 0%,rgb(155,81,224) 100%);padding-top:2em;padding-right:2em;padding-bottom:2em;padding-left:2em;font-style:normal;font-weight:200\">\n<h2 class=\"wp-block-heading\" id=\"single\" style=\"font-size:40px\"><strong>Technicien syst\u00e8me et r\u00e9seau<\/strong><\/h2>\n\n\n\n<hr class=\"wp-block-separator has-text-color has-css-opacity has-background is-style-wide\" style=\"background-color:#000000;color:#000000\"\/>\n\n\n\n<div class=\"wp-block-buttons alignfull is-horizontal is-content-justification-center is-layout-flex wp-container-core-buttons-is-layout-499968f5 wp-block-buttons-is-layout-flex\">\n<div class=\"wp-block-button has-custom-width wp-block-button__width-100 is-style-outline is-style-outline--1\"><a class=\"wp-block-button__link has-white-color has-text-color has-background wp-element-button\" style=\"border-radius:49px;background-color:#000000\">80 \u20ac \/ heure<\/a><\/div>\n<\/div>\n<\/div>\n\n\n\n<div class=\"wp-block-column has-vivid-cyan-blue-color has-text-color has-background has-link-color wp-elements-5768e4d6f6bd6000dcb735adf9c4a189 is-layout-flow wp-block-column-is-layout-flow\" style=\"background:linear-gradient(111deg,rgb(238,238,238) 0%,rgb(169,184,195) 100%);padding-top:2em;padding-right:2em;padding-bottom:2em;padding-left:2em;font-style:normal;font-weight:200\">\n<h2 class=\"wp-block-heading\" id=\"family\" style=\"font-size:40px\"><strong>Ing\u00e9nieur syst\u00e8me et r\u00e9seau<\/strong><\/h2>\n\n\n\n<hr class=\"wp-block-separator has-css-opacity is-style-wide\"\/>\n\n\n\n<div class=\"wp-block-buttons alignfull is-horizontal is-content-justification-center is-layout-flex wp-container-core-buttons-is-layout-499968f5 wp-block-buttons-is-layout-flex\">\n<div class=\"wp-block-button has-custom-width wp-block-button__width-100 is-style-outline is-style-outline--2\"><a class=\"wp-block-button__link has-white-color has-text-color has-background wp-element-button\" style=\"border-radius:49px;background-color:#000000\">120 \u20ac \/ heure<\/a><\/div>\n<\/div>\n<\/div>\n<\/div>\n\n\n\n<h2 class=\"wp-block-heading\">D\u00e9placements<\/h2>\n\n\n\n<div class=\"wp-block-columns alignwide is-layout-flex wp-container-core-columns-is-layout-9d6595d7 wp-block-columns-is-layout-flex\">\n<div class=\"wp-block-column has-text-color has-background has-link-color wp-elements-4e48f7bf9fe441039c8cfd5a23da4a2d is-layout-flow wp-block-column-is-layout-flow\" style=\"color:#000000;background:linear-gradient(135deg,rgb(193,243,219) 0%,rgb(0,208,130) 100%);padding-top:2em;padding-right:2em;padding-bottom:2em;padding-left:2em\">\n<h2 class=\"wp-block-heading\" id=\"single\" style=\"font-size:30px\">Zone A<\/h2>\n\n\n\n<hr class=\"wp-block-separator has-text-color has-css-opacity has-background is-style-wide\" style=\"background-color:#000000;color:#000000\"\/>\n\n\n\n<div class=\"wp-block-buttons alignfull is-horizontal is-content-justification-center is-layout-flex wp-container-core-buttons-is-layout-499968f5 wp-block-buttons-is-layout-flex\">\n<div class=\"wp-block-button has-custom-width wp-block-button__width-100 has-custom-font-size\" style=\"font-size:15px\"><a class=\"wp-block-button__link has-white-color has-text-color has-background wp-element-button\" style=\"border-radius:50px;background-color:#000000\">50\u20ac <\/a><\/div>\n<\/div>\n<\/div>\n\n\n\n<div class=\"wp-block-column has-text-color has-background has-link-color wp-elements-1d0bfc7f93d86d08b555b4a72c7191a3 is-layout-flow wp-block-column-is-layout-flow\" style=\"color:#000000;background:linear-gradient(207deg,rgb(252,185,0) 100%,rgb(255,105,0) 100%);padding-top:2em;padding-right:2em;padding-bottom:2em;padding-left:2em\">\n<h2 class=\"wp-block-heading\" id=\"family\" style=\"font-size:30px\">Zone B<\/h2>\n\n\n\n<hr class=\"wp-block-separator has-css-opacity is-style-wide\"\/>\n\n\n\n<div class=\"wp-block-buttons alignfull is-horizontal is-content-justification-center is-layout-flex wp-container-core-buttons-is-layout-499968f5 wp-block-buttons-is-layout-flex\">\n<div class=\"wp-block-button has-custom-width wp-block-button__width-100 has-custom-font-size is-style-fill\" style=\"font-size:15px\"><a class=\"wp-block-button__link has-white-color has-text-color has-background wp-element-button\" style=\"border-radius:50px;background-color:#000000\">70\u20ac <\/a><\/div>\n<\/div>\n<\/div>\n\n\n\n<div class=\"wp-block-column has-text-color has-background has-link-color wp-elements-9f5c4f4a71cd2fe8275e1477ff75e66d is-layout-flow wp-block-column-is-layout-flow\" style=\"color:#000000;background:linear-gradient(135deg,rgb(252,185,0) 0%,rgb(255,105,0) 22%);padding-top:2em;padding-right:2em;padding-bottom:2em;padding-left:2em\">\n<h2 class=\"wp-block-heading\" id=\"patron\" style=\"font-size:30px\">Zone C<\/h2>\n\n\n\n<hr class=\"wp-block-separator has-css-opacity is-style-wide\"\/>\n\n\n\n<div class=\"wp-block-buttons alignfull is-horizontal is-content-justification-center is-layout-flex wp-container-core-buttons-is-layout-499968f5 wp-block-buttons-is-layout-flex\">\n<div class=\"wp-block-button has-custom-width wp-block-button__width-100 has-custom-font-size\" style=\"font-size:15px\"><a class=\"wp-block-button__link has-white-color has-text-color has-background wp-element-button\" style=\"border-radius:50px;background-color:#000000\"> 90\u20ac <\/a><\/div>\n<\/div>\n<\/div>\n\n\n\n<div class=\"wp-block-column has-text-color has-background has-link-color wp-elements-666b0546fd966086ce7cf5d4089b5391 is-layout-flow wp-block-column-is-layout-flow\" style=\"color:#000000;background:linear-gradient(135deg,rgb(254,205,165) 1%,rgb(254,45,45) 24%,rgb(107,0,62) 92%);padding-top:2em;padding-right:2em;padding-bottom:2em;padding-left:2em\">\n<h2 class=\"wp-block-heading\" id=\"patron\" style=\"font-size:30px\">Zone D<\/h2>\n\n\n\n<hr class=\"wp-block-separator has-css-opacity is-style-wide\"\/>\n\n\n\n<div class=\"wp-block-buttons alignfull is-horizontal is-content-justification-center is-layout-flex wp-container-core-buttons-is-layout-499968f5 wp-block-buttons-is-layout-flex\">\n<div class=\"wp-block-button has-custom-width wp-block-button__width-100 has-custom-font-size\" style=\"font-size:15px\"><a class=\"wp-block-button__link has-white-color has-text-color has-background wp-element-button\" style=\"border-radius:50px;background-color:#000000\">110\u20ac <\/a><\/div>\n<\/div>\n<\/div>\n<\/div>\n\n\n\n<p>Zone A : Baie-Mahault, Lamentin, Pointe-\u00e0-Pitre.<\/p>\n\n\n\n<p>Zone B : Le Gosier, Petit-bourg, Goyave, Les Abymes, Morne-\u00e0 l&rsquo;eau.<\/p>\n\n\n\n<p>Zone C : Sainte-Anne, Sainte-Rose, Deshaies, Capesterre, Trois Rivi\u00e8res<\/p>\n\n\n\n<p>Zone D : Anse-Bertrand, Port-Louis, Le Moule, Saint-Fran\u00e7ois, Basse-Terre, Saint-Claude, Vieux habitants, Gourbeyre, Pointe-noire.<\/p>\n\n\n\n<p>Autres communes : sur devis.<\/p>\n","protected":false},"excerpt":{"rendered":"<p>Tarifs horaires (Tarifs journaliers sur devis) Technicien syst\u00e8me et r\u00e9seau Ing\u00e9nieur syst\u00e8me et r\u00e9seau D\u00e9placements Zone A Zone B Zone C Zone D Zone A : Baie-Mahault, Lamentin, Pointe-\u00e0-Pitre. Zone B : Le Gosier, Petit-bourg, Goyave, Les Abymes, Morne-\u00e0 l&rsquo;eau. Zone C : Sainte-Anne, Sainte-Rose, Deshaies, Capesterre, Trois Rivi\u00e8res Zone D : Anse-Bertrand, Port-Louis, Le [&hellip;]<\/p>\n","protected":false},"author":2,"featured_media":0,"parent":0,"menu_order":0,"comment_status":"closed","ping_status":"closed","template":"","meta":{"_acf_changed":false,"footnotes":""},"class_list":["post-322","page","type-page","status-publish","hentry"],"acf":[],"yoast_head":"<!-- This site is optimized with the Yoast SEO plugin v27.5 - https:\/\/yoast.com\/product\/yoast-seo-wordpress\/ -->\n<title>Nos Tarifs - LNS Informatique<\/title>\n<meta name=\"robots\" content=\"index, follow, max-snippet:-1, max-image-preview:large, max-video-preview:-1\" \/>\n<link rel=\"canonical\" href=\"https:\/\/lns-informatique.fr\/index.php\/nos-tarifs\/\" \/>\n<meta property=\"og:locale\" content=\"fr_FR\" \/>\n<meta property=\"og:type\" content=\"article\" \/>\n<meta property=\"og:title\" content=\"Nos Tarifs - LNS Informatique\" \/>\n<meta property=\"og:description\" content=\"Tarifs horaires (Tarifs journaliers sur devis) Technicien syst\u00e8me et r\u00e9seau Ing\u00e9nieur syst\u00e8me et r\u00e9seau D\u00e9placements Zone A Zone B Zone C Zone D Zone A : Baie-Mahault, Lamentin, Pointe-\u00e0-Pitre. Zone B : Le Gosier, Petit-bourg, Goyave, Les Abymes, Morne-\u00e0 l&rsquo;eau. Zone C : Sainte-Anne, Sainte-Rose, Deshaies, Capesterre, Trois Rivi\u00e8res Zone D : Anse-Bertrand, Port-Louis, Le [&hellip;]\" \/>\n<meta property=\"og:url\" content=\"https:\/\/lns-informatique.fr\/index.php\/nos-tarifs\/\" \/>\n<meta property=\"og:site_name\" content=\"LNS Informatique\" \/>\n<meta property=\"article:modified_time\" content=\"2023-02-01T02:06:03+00:00\" \/>\n<meta name=\"twitter:card\" content=\"summary_large_image\" \/>\n<meta name=\"twitter:label1\" content=\"Dur\u00e9e de lecture estim\u00e9e\" \/>\n\t<meta name=\"twitter:data1\" content=\"1 minute\" \/>\n<script type=\"application\/ld+json\" class=\"yoast-schema-graph\">{\"@context\":\"https:\\\/\\\/schema.org\",\"@graph\":[{\"@type\":\"WebPage\",\"@id\":\"https:\\\/\\\/lns-informatique.fr\\\/index.php\\\/nos-tarifs\\\/\",\"url\":\"https:\\\/\\\/lns-informatique.fr\\\/index.php\\\/nos-tarifs\\\/\",\"name\":\"Nos Tarifs - LNS Informatique\",\"isPartOf\":{\"@id\":\"https:\\\/\\\/lns-informatique.fr\\\/#website\"},\"datePublished\":\"2018-04-20T11:25:08+00:00\",\"dateModified\":\"2023-02-01T02:06:03+00:00\",\"breadcrumb\":{\"@id\":\"https:\\\/\\\/lns-informatique.fr\\\/index.php\\\/nos-tarifs\\\/#breadcrumb\"},\"inLanguage\":\"fr-FR\",\"potentialAction\":[{\"@type\":\"ReadAction\",\"target\":[\"https:\\\/\\\/lns-informatique.fr\\\/index.php\\\/nos-tarifs\\\/\"]}]},{\"@type\":\"BreadcrumbList\",\"@id\":\"https:\\\/\\\/lns-informatique.fr\\\/index.php\\\/nos-tarifs\\\/#breadcrumb\",\"itemListElement\":[{\"@type\":\"ListItem\",\"position\":1,\"name\":\"Accueil\",\"item\":\"https:\\\/\\\/lns-informatique.fr\\\/\"},{\"@type\":\"ListItem\",\"position\":2,\"name\":\"Nos Tarifs\"}]},{\"@type\":\"WebSite\",\"@id\":\"https:\\\/\\\/lns-informatique.fr\\\/#website\",\"url\":\"https:\\\/\\\/lns-informatique.fr\\\/\",\"name\":\"LNS Informatique\",\"description\":\"Never be late again ...\",\"publisher\":{\"@id\":\"https:\\\/\\\/lns-informatique.fr\\\/#organization\"},\"potentialAction\":[{\"@type\":\"SearchAction\",\"target\":{\"@type\":\"EntryPoint\",\"urlTemplate\":\"https:\\\/\\\/lns-informatique.fr\\\/?s={search_term_string}\"},\"query-input\":{\"@type\":\"PropertyValueSpecification\",\"valueRequired\":true,\"valueName\":\"search_term_string\"}}],\"inLanguage\":\"fr-FR\"},{\"@type\":\"Organization\",\"@id\":\"https:\\\/\\\/lns-informatique.fr\\\/#organization\",\"name\":\"LNS Informatique\",\"url\":\"https:\\\/\\\/lns-informatique.fr\\\/\",\"logo\":{\"@type\":\"ImageObject\",\"inLanguage\":\"fr-FR\",\"@id\":\"https:\\\/\\\/lns-informatique.fr\\\/#\\\/schema\\\/logo\\\/image\\\/\",\"url\":\"http:\\\/\\\/lns-informatique.fr\\\/wp-content\\\/uploads\\\/2017\\\/11\\\/cropped-Logo-LNS-150.png\",\"contentUrl\":\"http:\\\/\\\/lns-informatique.fr\\\/wp-content\\\/uploads\\\/2017\\\/11\\\/cropped-Logo-LNS-150.png\",\"width\":512,\"height\":512,\"caption\":\"LNS Informatique\"},\"image\":{\"@id\":\"https:\\\/\\\/lns-informatique.fr\\\/#\\\/schema\\\/logo\\\/image\\\/\"}}]}<\/script>\n<!-- \/ Yoast SEO plugin. -->","yoast_head_json":{"title":"Nos Tarifs - LNS Informatique","robots":{"index":"index","follow":"follow","max-snippet":"max-snippet:-1","max-image-preview":"max-image-preview:large","max-video-preview":"max-video-preview:-1"},"canonical":"https:\/\/lns-informatique.fr\/index.php\/nos-tarifs\/","og_locale":"fr_FR","og_type":"article","og_title":"Nos Tarifs - LNS Informatique","og_description":"Tarifs horaires (Tarifs journaliers sur devis) Technicien syst\u00e8me et r\u00e9seau Ing\u00e9nieur syst\u00e8me et r\u00e9seau D\u00e9placements Zone A Zone B Zone C Zone D Zone A : Baie-Mahault, Lamentin, Pointe-\u00e0-Pitre. Zone B : Le Gosier, Petit-bourg, Goyave, Les Abymes, Morne-\u00e0 l&rsquo;eau. Zone C : Sainte-Anne, Sainte-Rose, Deshaies, Capesterre, Trois Rivi\u00e8res Zone D : Anse-Bertrand, Port-Louis, Le [&hellip;]","og_url":"https:\/\/lns-informatique.fr\/index.php\/nos-tarifs\/","og_site_name":"LNS Informatique","article_modified_time":"2023-02-01T02:06:03+00:00","twitter_card":"summary_large_image","twitter_misc":{"Dur\u00e9e de lecture estim\u00e9e":"1 minute"},"schema":{"@context":"https:\/\/schema.org","@graph":[{"@type":"WebPage","@id":"https:\/\/lns-informatique.fr\/index.php\/nos-tarifs\/","url":"https:\/\/lns-informatique.fr\/index.php\/nos-tarifs\/","name":"Nos Tarifs - LNS Informatique","isPartOf":{"@id":"https:\/\/lns-informatique.fr\/#website"},"datePublished":"2018-04-20T11:25:08+00:00","dateModified":"2023-02-01T02:06:03+00:00","breadcrumb":{"@id":"https:\/\/lns-informatique.fr\/index.php\/nos-tarifs\/#breadcrumb"},"inLanguage":"fr-FR","potentialAction":[{"@type":"ReadAction","target":["https:\/\/lns-informatique.fr\/index.php\/nos-tarifs\/"]}]},{"@type":"BreadcrumbList","@id":"https:\/\/lns-informatique.fr\/index.php\/nos-tarifs\/#breadcrumb","itemListElement":[{"@type":"ListItem","position":1,"name":"Accueil","item":"https:\/\/lns-informatique.fr\/"},{"@type":"ListItem","position":2,"name":"Nos Tarifs"}]},{"@type":"WebSite","@id":"https:\/\/lns-informatique.fr\/#website","url":"https:\/\/lns-informatique.fr\/","name":"LNS Informatique","description":"Never be late again ...","publisher":{"@id":"https:\/\/lns-informatique.fr\/#organization"},"potentialAction":[{"@type":"SearchAction","target":{"@type":"EntryPoint","urlTemplate":"https:\/\/lns-informatique.fr\/?s={search_term_string}"},"query-input":{"@type":"PropertyValueSpecification","valueRequired":true,"valueName":"search_term_string"}}],"inLanguage":"fr-FR"},{"@type":"Organization","@id":"https:\/\/lns-informatique.fr\/#organization","name":"LNS Informatique","url":"https:\/\/lns-informatique.fr\/","logo":{"@type":"ImageObject","inLanguage":"fr-FR","@id":"https:\/\/lns-informatique.fr\/#\/schema\/logo\/image\/","url":"http:\/\/lns-informatique.fr\/wp-content\/uploads\/2017\/11\/cropped-Logo-LNS-150.png","contentUrl":"http:\/\/lns-informatique.fr\/wp-content\/uploads\/2017\/11\/cropped-Logo-LNS-150.png","width":512,"height":512,"caption":"LNS Informatique"},"image":{"@id":"https:\/\/lns-informatique.fr\/#\/schema\/logo\/image\/"}}]}},"_links":{"self":[{"href":"https:\/\/lns-informatique.fr\/index.php\/wp-json\/wp\/v2\/pages\/322","targetHints":{"allow":["GET"]}}],"collection":[{"href":"https:\/\/lns-informatique.fr\/index.php\/wp-json\/wp\/v2\/pages"}],"about":[{"href":"https:\/\/lns-informatique.fr\/index.php\/wp-json\/wp\/v2\/types\/page"}],"author":[{"embeddable":true,"href":"https:\/\/lns-informatique.fr\/index.php\/wp-json\/wp\/v2\/users\/2"}],"replies":[{"embeddable":true,"href":"https:\/\/lns-informatique.fr\/index.php\/wp-json\/wp\/v2\/comments?post=322"}],"version-history":[{"count":8,"href":"https:\/\/lns-informatique.fr\/index.php\/wp-json\/wp\/v2\/pages\/322\/revisions"}],"predecessor-version":[{"id":352,"href":"https:\/\/lns-informatique.fr\/index.php\/wp-json\/wp\/v2\/pages\/322\/revisions\/352"}],"wp:attachment":[{"href":"https:\/\/lns-informatique.fr\/index.php\/wp-json\/wp\/v2\/media?parent=322"}],"curies":[{"name":"wp","href":"https:\/\/api.w.org\/{rel}","templated":true}]}}