{"id":68,"date":"2017-11-03T12:21:53","date_gmt":"2017-11-03T11:21:53","guid":{"rendered":"http:\/\/lns-informatique.fr\/?page_id=68"},"modified":"2018-01-11T22:56:14","modified_gmt":"2018-01-11T21:56:14","slug":"nos-services","status":"publish","type":"page","link":"https:\/\/lns-informatique.fr\/index.php\/nos-services\/","title":{"rendered":"Nos Services"},"content":{"rendered":"<h1>Nos Services<\/h1>\n<p>Une simple maintenance des appareils informatiques sur votre site ne suffit plus.<br \/>\nL&rsquo;informatique est au c\u0153ur de votre activit\u00e9, il est donc important de laisser un v\u00e9ritable professionnel piloter les diff\u00e9rents projets li\u00e9s \u00e0 ce corps de m\u00e9tier.<\/p>\n<p>Laissez nous \u00e9voluer au sein de votre entreprise en tant que responsable informatique, et profitez de notre exp\u00e9rience sur nos diff\u00e9rents domaines d&rsquo;expertises.<\/p>\n<h2><\/h2>\n<h2>Nos domaines d&rsquo;expertises :<\/h2>\n<div class=\"csRow\">\n<div class=\"csColumnGap\" style=\"margin: 0px; padding: 0px; float: left; width: 1.56%;\"><img decoding=\"async\" src=\"http:\/\/lns-informatique.fr\/wp-content\/plugins\/advanced-wp-columns\/assets\/js\/plugins\/views\/img\/1x1-pixel.png\" \/><\/div>\n<div class=\"csColumnGap\" style=\"margin: 0px; padding: 0px; float: left; width: 1.56%;\"><img decoding=\"async\" src=\"http:\/\/lns-informatique.fr\/wp-content\/plugins\/advanced-wp-columns\/assets\/js\/plugins\/views\/img\/1x1-pixel.png\" \/><\/div>\n<div class=\"csColumn\" style=\"margin: 0px; padding: 0px; float: left; width: 31.3%;\" data-csstartpoint=\"330\" data-csendpoint=\"630\" data-cswidth=\"31.3%\" data-csid=\"a364015e-c64a-81e4-9589-0f0b09ef8dc8\"><\/div>\n<div class=\"csColumnGap\" style=\"margin: 0px; padding: 0px; float: left; width: 1.56%;\"><img decoding=\"async\" src=\"http:\/\/lns-informatique.fr\/wp-content\/plugins\/advanced-wp-columns\/assets\/js\/plugins\/views\/img\/1x1-pixel.png\" \/><\/div>\n<div class=\"csColumn\" style=\"margin: 0px; padding: 0px; float: left; width: 31.3%;\" data-csstartpoint=\"645\" data-csendpoint=\"945\" data-cswidth=\"31.3%\" data-csid=\"edbc9e8c-3a12-d825-91ff-b8d283d7ef20\"><\/div>\n<div class=\"csColumnGap\" style=\"margin: 0px; padding: 0px; float: left; width: 1.56%;\"><img decoding=\"async\" src=\"http:\/\/lns-informatique.fr\/wp-content\/plugins\/advanced-wp-columns\/assets\/js\/plugins\/views\/img\/1x1-pixel.png\" \/><\/div>\n<div style=\"clear: both; float: none; display: block; visibility: hidden; width: 0px; font-size: 0px; line-height: 0;\"><\/div>\n<\/div>\n<p style=\"text-align: center;\"><div class=\"gca-column one-third first\"><h4>Syst\u00e8me d&rsquo;Informations.<\/h4>\n<p><img loading=\"lazy\" decoding=\"async\" class=\"wp-image-92 alignright\" src=\"http:\/\/lns-informatique.fr\/wp-content\/uploads\/2017\/11\/Logo-Services-LNS-SI.png\" alt=\"\" width=\"100\" height=\"100\" \/>Un v\u00e9ritable Responsable Informatique comme collaborateur pour piloter tous vos projets informatiques.<\/div>\n<div class=\"gca-column one-third\"><h4>R\u00e9seaux.<\/h4>\n<p><img loading=\"lazy\" decoding=\"async\" class=\" wp-image-90 alignright\" src=\"http:\/\/lns-informatique.fr\/wp-content\/uploads\/2017\/11\/Logo-Services-LNS-Reseaux.png\" alt=\"\" width=\"100\" height=\"100\" \/> Installation et maintenance de vos r\u00e9seaux.<\/div>\n<div class=\"gca-column one-third\"><h4>Sauvegarde et restauration.<\/h4>\n<p><img loading=\"lazy\" decoding=\"async\" class=\" wp-image-88 alignright\" src=\"http:\/\/lns-informatique.fr\/wp-content\/uploads\/2017\/11\/Logo-Services-LNS-Backup.png\" alt=\"\" width=\"100\" height=\"100\" \/> Sauvegarde des \u00e9l\u00e9ments d\u00e9terminants votre syst\u00e8me d&rsquo;information pour une restauration rapide.<\/div>\n<p>&nbsp;<\/p>\n<h4><\/h4>\n<h4><\/h4>\n<p style=\"text-align: center;\"><div class=\"gca-column one-third first\"><h4>Maintenance informatique.<\/h4>\n<p><img loading=\"lazy\" decoding=\"async\" class=\" wp-image-89 alignright\" src=\"http:\/\/lns-informatique.fr\/wp-content\/uploads\/2017\/11\/Logo-Services-LNS-Maintenance.png\" alt=\"\" width=\"100\" height=\"100\" \/>Plus qu&rsquo;un contrat de maintenance, offrez vous une gestion en temps r\u00e9el de vos ressources informatiques.<\/div>\n<div class=\"gca-column one-third\"><h4>Vid\u00e9osurveillance.<\/h4>\n<p><img loading=\"lazy\" decoding=\"async\" class=\" wp-image-91 alignright\" src=\"http:\/\/lns-informatique.fr\/wp-content\/uploads\/2017\/11\/Logo-Services-LNS-Videosurveillance.png\" alt=\"\" width=\"100\" height=\"100\" \/> Enregistrez, visionnez en direct, avec l&rsquo;aide de la vid\u00e9osurveillance, ayez constamment un \u0153il sur votre entreprise.\u00a0<\/div>\n<div class=\"gca-column one-third\"><h4>Community Manager.<\/h4>\n<p><img loading=\"lazy\" decoding=\"async\" class=\"wp-image-167 alignright\" src=\"http:\/\/lns-informatique.fr\/wp-content\/uploads\/2017\/11\/Logo-Services-LNS-Community-Manager.png\" alt=\"\" width=\"100\" height=\"100\" \/>Offrez vous une visibilit\u00e9 sur Internet.<\/div>\n<p>&nbsp;<\/p>\n<p>&nbsp;<\/p>\n","protected":false},"excerpt":{"rendered":"<p>Nos Services Une simple maintenance des appareils informatiques sur votre site ne suffit plus. L&rsquo;informatique est au c\u0153ur de votre activit\u00e9, il est donc important de laisser un v\u00e9ritable professionnel piloter les diff\u00e9rents projets li\u00e9s \u00e0 ce corps de m\u00e9tier. Laissez nous \u00e9voluer au sein de votre entreprise en tant que responsable informatique, et profitez [&hellip;]<\/p>\n","protected":false},"author":2,"featured_media":0,"parent":0,"menu_order":0,"comment_status":"closed","ping_status":"closed","template":"","meta":{"_acf_changed":false,"footnotes":""},"class_list":["post-68","page","type-page","status-publish","hentry"],"acf":[],"yoast_head":"<!-- This site is optimized with the Yoast SEO plugin v27.4 - https:\/\/yoast.com\/product\/yoast-seo-wordpress\/ -->\n<title>Nos Services - LNS Informatique<\/title>\n<meta name=\"description\" content=\"Nous \u00e9voluons au sein de votre entreprise en tant que responsable informatique pour vous faire profitez de notre exp\u00e9rience \u00e0 votre service informatique .\" \/>\n<meta name=\"robots\" content=\"index, follow, max-snippet:-1, max-image-preview:large, max-video-preview:-1\" \/>\n<link rel=\"canonical\" href=\"http:\/\/lns-informatique.fr\/index.php\/nos-services\/\" \/>\n<meta property=\"og:locale\" content=\"fr_FR\" \/>\n<meta property=\"og:type\" content=\"article\" \/>\n<meta property=\"og:title\" content=\"Nos Services - LNS Informatique\" \/>\n<meta property=\"og:description\" content=\"Nous \u00e9voluons au sein de votre entreprise en tant que responsable informatique pour vous faire profitez de notre exp\u00e9rience \u00e0 votre service informatique .\" \/>\n<meta property=\"og:url\" content=\"http:\/\/lns-informatique.fr\/index.php\/nos-services\/\" \/>\n<meta property=\"og:site_name\" content=\"LNS Informatique\" \/>\n<meta property=\"article:modified_time\" content=\"2018-01-11T21:56:14+00:00\" \/>\n<meta property=\"og:image\" content=\"http:\/\/lns-informatique.fr\/wp-content\/plugins\/advanced-wp-columns\/assets\/js\/plugins\/views\/img\/1x1-pixel.png\" \/>\n<meta name=\"twitter:card\" content=\"summary_large_image\" \/>\n<meta name=\"twitter:label1\" content=\"Dur\u00e9e de lecture estim\u00e9e\" \/>\n\t<meta name=\"twitter:data1\" content=\"1 minute\" \/>\n<script type=\"application\/ld+json\" class=\"yoast-schema-graph\">{\"@context\":\"https:\\\/\\\/schema.org\",\"@graph\":[{\"@type\":\"WebPage\",\"@id\":\"http:\\\/\\\/lns-informatique.fr\\\/index.php\\\/nos-services\\\/\",\"url\":\"http:\\\/\\\/lns-informatique.fr\\\/index.php\\\/nos-services\\\/\",\"name\":\"Nos Services - LNS Informatique\",\"isPartOf\":{\"@id\":\"https:\\\/\\\/lns-informatique.fr\\\/#website\"},\"primaryImageOfPage\":{\"@id\":\"http:\\\/\\\/lns-informatique.fr\\\/index.php\\\/nos-services\\\/#primaryimage\"},\"image\":{\"@id\":\"http:\\\/\\\/lns-informatique.fr\\\/index.php\\\/nos-services\\\/#primaryimage\"},\"thumbnailUrl\":\"http:\\\/\\\/lns-informatique.fr\\\/wp-content\\\/plugins\\\/advanced-wp-columns\\\/assets\\\/js\\\/plugins\\\/views\\\/img\\\/1x1-pixel.png\",\"datePublished\":\"2017-11-03T11:21:53+00:00\",\"dateModified\":\"2018-01-11T21:56:14+00:00\",\"description\":\"Nous \u00e9voluons au sein de votre entreprise en tant que responsable informatique pour vous faire profitez de notre exp\u00e9rience \u00e0 votre service informatique .\",\"breadcrumb\":{\"@id\":\"http:\\\/\\\/lns-informatique.fr\\\/index.php\\\/nos-services\\\/#breadcrumb\"},\"inLanguage\":\"fr-FR\",\"potentialAction\":[{\"@type\":\"ReadAction\",\"target\":[\"http:\\\/\\\/lns-informatique.fr\\\/index.php\\\/nos-services\\\/\"]}]},{\"@type\":\"ImageObject\",\"inLanguage\":\"fr-FR\",\"@id\":\"http:\\\/\\\/lns-informatique.fr\\\/index.php\\\/nos-services\\\/#primaryimage\",\"url\":\"http:\\\/\\\/lns-informatique.fr\\\/wp-content\\\/plugins\\\/advanced-wp-columns\\\/assets\\\/js\\\/plugins\\\/views\\\/img\\\/1x1-pixel.png\",\"contentUrl\":\"http:\\\/\\\/lns-informatique.fr\\\/wp-content\\\/plugins\\\/advanced-wp-columns\\\/assets\\\/js\\\/plugins\\\/views\\\/img\\\/1x1-pixel.png\"},{\"@type\":\"BreadcrumbList\",\"@id\":\"http:\\\/\\\/lns-informatique.fr\\\/index.php\\\/nos-services\\\/#breadcrumb\",\"itemListElement\":[{\"@type\":\"ListItem\",\"position\":1,\"name\":\"Accueil\",\"item\":\"https:\\\/\\\/lns-informatique.fr\\\/\"},{\"@type\":\"ListItem\",\"position\":2,\"name\":\"Nos Services\"}]},{\"@type\":\"WebSite\",\"@id\":\"https:\\\/\\\/lns-informatique.fr\\\/#website\",\"url\":\"https:\\\/\\\/lns-informatique.fr\\\/\",\"name\":\"LNS Informatique\",\"description\":\"Never be late again ...\",\"publisher\":{\"@id\":\"https:\\\/\\\/lns-informatique.fr\\\/#organization\"},\"potentialAction\":[{\"@type\":\"SearchAction\",\"target\":{\"@type\":\"EntryPoint\",\"urlTemplate\":\"https:\\\/\\\/lns-informatique.fr\\\/?s={search_term_string}\"},\"query-input\":{\"@type\":\"PropertyValueSpecification\",\"valueRequired\":true,\"valueName\":\"search_term_string\"}}],\"inLanguage\":\"fr-FR\"},{\"@type\":\"Organization\",\"@id\":\"https:\\\/\\\/lns-informatique.fr\\\/#organization\",\"name\":\"LNS Informatique\",\"url\":\"https:\\\/\\\/lns-informatique.fr\\\/\",\"logo\":{\"@type\":\"ImageObject\",\"inLanguage\":\"fr-FR\",\"@id\":\"https:\\\/\\\/lns-informatique.fr\\\/#\\\/schema\\\/logo\\\/image\\\/\",\"url\":\"http:\\\/\\\/lns-informatique.fr\\\/wp-content\\\/uploads\\\/2017\\\/11\\\/cropped-Logo-LNS-150.png\",\"contentUrl\":\"http:\\\/\\\/lns-informatique.fr\\\/wp-content\\\/uploads\\\/2017\\\/11\\\/cropped-Logo-LNS-150.png\",\"width\":512,\"height\":512,\"caption\":\"LNS Informatique\"},\"image\":{\"@id\":\"https:\\\/\\\/lns-informatique.fr\\\/#\\\/schema\\\/logo\\\/image\\\/\"}}]}<\/script>\n<!-- \/ Yoast SEO plugin. -->","yoast_head_json":{"title":"Nos Services - LNS Informatique","description":"Nous \u00e9voluons au sein de votre entreprise en tant que responsable informatique pour vous faire profitez de notre exp\u00e9rience \u00e0 votre service informatique .","robots":{"index":"index","follow":"follow","max-snippet":"max-snippet:-1","max-image-preview":"max-image-preview:large","max-video-preview":"max-video-preview:-1"},"canonical":"http:\/\/lns-informatique.fr\/index.php\/nos-services\/","og_locale":"fr_FR","og_type":"article","og_title":"Nos Services - LNS Informatique","og_description":"Nous \u00e9voluons au sein de votre entreprise en tant que responsable informatique pour vous faire profitez de notre exp\u00e9rience \u00e0 votre service informatique .","og_url":"http:\/\/lns-informatique.fr\/index.php\/nos-services\/","og_site_name":"LNS Informatique","article_modified_time":"2018-01-11T21:56:14+00:00","og_image":[{"url":"http:\/\/lns-informatique.fr\/wp-content\/plugins\/advanced-wp-columns\/assets\/js\/plugins\/views\/img\/1x1-pixel.png","type":"","width":"","height":""}],"twitter_card":"summary_large_image","twitter_misc":{"Dur\u00e9e de lecture estim\u00e9e":"1 minute"},"schema":{"@context":"https:\/\/schema.org","@graph":[{"@type":"WebPage","@id":"http:\/\/lns-informatique.fr\/index.php\/nos-services\/","url":"http:\/\/lns-informatique.fr\/index.php\/nos-services\/","name":"Nos Services - LNS Informatique","isPartOf":{"@id":"https:\/\/lns-informatique.fr\/#website"},"primaryImageOfPage":{"@id":"http:\/\/lns-informatique.fr\/index.php\/nos-services\/#primaryimage"},"image":{"@id":"http:\/\/lns-informatique.fr\/index.php\/nos-services\/#primaryimage"},"thumbnailUrl":"http:\/\/lns-informatique.fr\/wp-content\/plugins\/advanced-wp-columns\/assets\/js\/plugins\/views\/img\/1x1-pixel.png","datePublished":"2017-11-03T11:21:53+00:00","dateModified":"2018-01-11T21:56:14+00:00","description":"Nous \u00e9voluons au sein de votre entreprise en tant que responsable informatique pour vous faire profitez de notre exp\u00e9rience \u00e0 votre service informatique .","breadcrumb":{"@id":"http:\/\/lns-informatique.fr\/index.php\/nos-services\/#breadcrumb"},"inLanguage":"fr-FR","potentialAction":[{"@type":"ReadAction","target":["http:\/\/lns-informatique.fr\/index.php\/nos-services\/"]}]},{"@type":"ImageObject","inLanguage":"fr-FR","@id":"http:\/\/lns-informatique.fr\/index.php\/nos-services\/#primaryimage","url":"http:\/\/lns-informatique.fr\/wp-content\/plugins\/advanced-wp-columns\/assets\/js\/plugins\/views\/img\/1x1-pixel.png","contentUrl":"http:\/\/lns-informatique.fr\/wp-content\/plugins\/advanced-wp-columns\/assets\/js\/plugins\/views\/img\/1x1-pixel.png"},{"@type":"BreadcrumbList","@id":"http:\/\/lns-informatique.fr\/index.php\/nos-services\/#breadcrumb","itemListElement":[{"@type":"ListItem","position":1,"name":"Accueil","item":"https:\/\/lns-informatique.fr\/"},{"@type":"ListItem","position":2,"name":"Nos Services"}]},{"@type":"WebSite","@id":"https:\/\/lns-informatique.fr\/#website","url":"https:\/\/lns-informatique.fr\/","name":"LNS Informatique","description":"Never be late again ...","publisher":{"@id":"https:\/\/lns-informatique.fr\/#organization"},"potentialAction":[{"@type":"SearchAction","target":{"@type":"EntryPoint","urlTemplate":"https:\/\/lns-informatique.fr\/?s={search_term_string}"},"query-input":{"@type":"PropertyValueSpecification","valueRequired":true,"valueName":"search_term_string"}}],"inLanguage":"fr-FR"},{"@type":"Organization","@id":"https:\/\/lns-informatique.fr\/#organization","name":"LNS Informatique","url":"https:\/\/lns-informatique.fr\/","logo":{"@type":"ImageObject","inLanguage":"fr-FR","@id":"https:\/\/lns-informatique.fr\/#\/schema\/logo\/image\/","url":"http:\/\/lns-informatique.fr\/wp-content\/uploads\/2017\/11\/cropped-Logo-LNS-150.png","contentUrl":"http:\/\/lns-informatique.fr\/wp-content\/uploads\/2017\/11\/cropped-Logo-LNS-150.png","width":512,"height":512,"caption":"LNS Informatique"},"image":{"@id":"https:\/\/lns-informatique.fr\/#\/schema\/logo\/image\/"}}]}},"_links":{"self":[{"href":"https:\/\/lns-informatique.fr\/index.php\/wp-json\/wp\/v2\/pages\/68","targetHints":{"allow":["GET"]}}],"collection":[{"href":"https:\/\/lns-informatique.fr\/index.php\/wp-json\/wp\/v2\/pages"}],"about":[{"href":"https:\/\/lns-informatique.fr\/index.php\/wp-json\/wp\/v2\/types\/page"}],"author":[{"embeddable":true,"href":"https:\/\/lns-informatique.fr\/index.php\/wp-json\/wp\/v2\/users\/2"}],"replies":[{"embeddable":true,"href":"https:\/\/lns-informatique.fr\/index.php\/wp-json\/wp\/v2\/comments?post=68"}],"version-history":[{"count":76,"href":"https:\/\/lns-informatique.fr\/index.php\/wp-json\/wp\/v2\/pages\/68\/revisions"}],"predecessor-version":[{"id":243,"href":"https:\/\/lns-informatique.fr\/index.php\/wp-json\/wp\/v2\/pages\/68\/revisions\/243"}],"wp:attachment":[{"href":"https:\/\/lns-informatique.fr\/index.php\/wp-json\/wp\/v2\/media?parent=68"}],"curies":[{"name":"wp","href":"https:\/\/api.w.org\/{rel}","templated":true}]}}