{"id":71,"date":"2017-11-03T12:28:13","date_gmt":"2017-11-03T11:28:13","guid":{"rendered":"http:\/\/lns-informatique.fr\/?page_id=71"},"modified":"2017-11-04T12:57:03","modified_gmt":"2017-11-04T11:57:03","slug":"contact","status":"publish","type":"page","link":"https:\/\/lns-informatique.fr\/index.php\/contact\/","title":{"rendered":"Contact"},"content":{"rendered":"<p>Vous souhaitez un audit ou un devis gratuit ? N&rsquo;h\u00e9sitez pas \u00e0 nous contacter :<\/p>\n<ul>\n<li>Par <strong>t\u00e9l\u00e9phone<\/strong> ou via <strong>Whatsapp<\/strong> : <strong>+590 690 90 03 80<\/strong>.<\/li>\n<li>Par mail : <a href=\"mailto:contact@lns-informatique.fr\"><strong>contact@lns-informatique.fr<\/strong><\/a><\/li>\n<li>ou via le <strong>formulaire<\/strong> suivant :<\/li>\n<\/ul>\n\n<div class=\"wpcf7 no-js\" id=\"wpcf7-f148-o1\" lang=\"fr-FR\" dir=\"ltr\" data-wpcf7-id=\"148\">\n<div class=\"screen-reader-response\"><p role=\"status\" aria-live=\"polite\" aria-atomic=\"true\"><\/p> <ul><\/ul><\/div>\n<form action=\"\/index.php\/wp-json\/wp\/v2\/pages\/71#wpcf7-f148-o1\" method=\"post\" class=\"wpcf7-form init\" aria-label=\"Formulaire de contact\" novalidate=\"novalidate\" data-status=\"init\">\n<fieldset class=\"hidden-fields-container\"><input type=\"hidden\" name=\"_wpcf7\" value=\"148\" \/><input type=\"hidden\" name=\"_wpcf7_version\" value=\"6.1.5\" \/><input type=\"hidden\" name=\"_wpcf7_locale\" value=\"fr_FR\" \/><input type=\"hidden\" name=\"_wpcf7_unit_tag\" value=\"wpcf7-f148-o1\" \/><input type=\"hidden\" name=\"_wpcf7_container_post\" value=\"0\" \/><input type=\"hidden\" name=\"_wpcf7_posted_data_hash\" value=\"\" \/><input type=\"hidden\" name=\"_wpcf7_recaptcha_response\" value=\"\" \/>\n<\/fieldset>\n<p><label> Votre nom (obligatoire)<br \/>\n<span class=\"wpcf7-form-control-wrap\" data-name=\"your-name\"><input size=\"40\" maxlength=\"400\" class=\"wpcf7-form-control wpcf7-text wpcf7-validates-as-required\" aria-required=\"true\" aria-invalid=\"false\" value=\"\" type=\"text\" name=\"your-name\" \/><\/span> <\/label>\n<\/p>\n<p><label> Votre e-mail (obligatoire)<br \/>\n<span class=\"wpcf7-form-control-wrap\" data-name=\"your-email\"><input size=\"40\" maxlength=\"400\" class=\"wpcf7-form-control wpcf7-email wpcf7-validates-as-required wpcf7-text wpcf7-validates-as-email\" aria-required=\"true\" aria-invalid=\"false\" value=\"\" type=\"email\" name=\"your-email\" \/><\/span> <\/label>\n<\/p>\n<p><label> Sujet<br \/>\n<span class=\"wpcf7-form-control-wrap\" data-name=\"your-subject\"><input size=\"40\" maxlength=\"400\" class=\"wpcf7-form-control wpcf7-text\" aria-invalid=\"false\" value=\"\" type=\"text\" name=\"your-subject\" \/><\/span> <\/label>\n<\/p>\n<p><label> Votre message<br \/>\n<span class=\"wpcf7-form-control-wrap\" data-name=\"your-message\"><textarea cols=\"40\" rows=\"10\" maxlength=\"2000\" class=\"wpcf7-form-control wpcf7-textarea\" aria-invalid=\"false\" name=\"your-message\"><\/textarea><\/span> <\/label>\n<\/p>\n<p><input class=\"wpcf7-form-control wpcf7-submit has-spinner\" type=\"submit\" value=\"Envoyer\" \/>\n<\/p>\n<p style=\"display: none !important;\" class=\"akismet-fields-container\" data-prefix=\"_wpcf7_ak_\"><label>&#916;<textarea name=\"_wpcf7_ak_hp_textarea\" cols=\"45\" rows=\"8\" maxlength=\"100\"><\/textarea><\/label><input type=\"hidden\" id=\"ak_js_1\" name=\"_wpcf7_ak_js\" value=\"185\"\/><script type=\"text\/javascript\">\n\/* <![CDATA[ *\/\ndocument.getElementById( \"ak_js_1\" ).setAttribute( \"value\", ( new Date() ).getTime() );\n\/* ]]> *\/\n<\/script>\n<\/p><div class=\"wpcf7-response-output\" aria-hidden=\"true\"><\/div>\n<\/form>\n<\/div>\n\n","protected":false},"excerpt":{"rendered":"<p>Vous souhaitez un audit ou un devis gratuit ? N&rsquo;h\u00e9sitez pas \u00e0 nous contacter : Par t\u00e9l\u00e9phone ou via Whatsapp : +590 690 90 03 80. Par mail : contact@lns-informatique.fr ou via le formulaire suivant :<\/p>\n","protected":false},"author":2,"featured_media":0,"parent":0,"menu_order":801,"comment_status":"closed","ping_status":"closed","template":"","meta":{"_acf_changed":false,"footnotes":""},"class_list":["post-71","page","type-page","status-publish","hentry"],"acf":[],"yoast_head":"<!-- This site is optimized with the Yoast SEO plugin v27.5 - https:\/\/yoast.com\/product\/yoast-seo-wordpress\/ -->\n<title>Contact - LNS Informatique<\/title>\n<meta name=\"robots\" content=\"index, follow, max-snippet:-1, max-image-preview:large, max-video-preview:-1\" \/>\n<link rel=\"canonical\" href=\"http:\/\/lns-informatique.fr\/index.php\/contact\/\" \/>\n<meta property=\"og:locale\" content=\"fr_FR\" \/>\n<meta property=\"og:type\" content=\"article\" \/>\n<meta property=\"og:title\" content=\"Contact - LNS Informatique\" \/>\n<meta property=\"og:description\" content=\"Vous souhaitez un audit ou un devis gratuit ? N&rsquo;h\u00e9sitez pas \u00e0 nous contacter : Par t\u00e9l\u00e9phone ou via Whatsapp : +590 690 90 03 80. Par mail : contact@lns-informatique.fr ou via le formulaire suivant :\" \/>\n<meta property=\"og:url\" content=\"http:\/\/lns-informatique.fr\/index.php\/contact\/\" \/>\n<meta property=\"og:site_name\" content=\"LNS Informatique\" \/>\n<meta property=\"article:modified_time\" content=\"2017-11-04T11:57:03+00:00\" \/>\n<meta name=\"twitter:card\" content=\"summary_large_image\" \/>\n<script type=\"application\/ld+json\" class=\"yoast-schema-graph\">{\"@context\":\"https:\\\/\\\/schema.org\",\"@graph\":[{\"@type\":\"WebPage\",\"@id\":\"http:\\\/\\\/lns-informatique.fr\\\/index.php\\\/contact\\\/\",\"url\":\"http:\\\/\\\/lns-informatique.fr\\\/index.php\\\/contact\\\/\",\"name\":\"Contact - LNS Informatique\",\"isPartOf\":{\"@id\":\"https:\\\/\\\/lns-informatique.fr\\\/#website\"},\"datePublished\":\"2017-11-03T11:28:13+00:00\",\"dateModified\":\"2017-11-04T11:57:03+00:00\",\"breadcrumb\":{\"@id\":\"http:\\\/\\\/lns-informatique.fr\\\/index.php\\\/contact\\\/#breadcrumb\"},\"inLanguage\":\"fr-FR\",\"potentialAction\":[{\"@type\":\"ReadAction\",\"target\":[\"http:\\\/\\\/lns-informatique.fr\\\/index.php\\\/contact\\\/\"]}]},{\"@type\":\"BreadcrumbList\",\"@id\":\"http:\\\/\\\/lns-informatique.fr\\\/index.php\\\/contact\\\/#breadcrumb\",\"itemListElement\":[{\"@type\":\"ListItem\",\"position\":1,\"name\":\"Accueil\",\"item\":\"https:\\\/\\\/lns-informatique.fr\\\/\"},{\"@type\":\"ListItem\",\"position\":2,\"name\":\"Contact\"}]},{\"@type\":\"WebSite\",\"@id\":\"https:\\\/\\\/lns-informatique.fr\\\/#website\",\"url\":\"https:\\\/\\\/lns-informatique.fr\\\/\",\"name\":\"LNS Informatique\",\"description\":\"Never be late again ...\",\"publisher\":{\"@id\":\"https:\\\/\\\/lns-informatique.fr\\\/#organization\"},\"potentialAction\":[{\"@type\":\"SearchAction\",\"target\":{\"@type\":\"EntryPoint\",\"urlTemplate\":\"https:\\\/\\\/lns-informatique.fr\\\/?s={search_term_string}\"},\"query-input\":{\"@type\":\"PropertyValueSpecification\",\"valueRequired\":true,\"valueName\":\"search_term_string\"}}],\"inLanguage\":\"fr-FR\"},{\"@type\":\"Organization\",\"@id\":\"https:\\\/\\\/lns-informatique.fr\\\/#organization\",\"name\":\"LNS Informatique\",\"url\":\"https:\\\/\\\/lns-informatique.fr\\\/\",\"logo\":{\"@type\":\"ImageObject\",\"inLanguage\":\"fr-FR\",\"@id\":\"https:\\\/\\\/lns-informatique.fr\\\/#\\\/schema\\\/logo\\\/image\\\/\",\"url\":\"http:\\\/\\\/lns-informatique.fr\\\/wp-content\\\/uploads\\\/2017\\\/11\\\/cropped-Logo-LNS-150.png\",\"contentUrl\":\"http:\\\/\\\/lns-informatique.fr\\\/wp-content\\\/uploads\\\/2017\\\/11\\\/cropped-Logo-LNS-150.png\",\"width\":512,\"height\":512,\"caption\":\"LNS Informatique\"},\"image\":{\"@id\":\"https:\\\/\\\/lns-informatique.fr\\\/#\\\/schema\\\/logo\\\/image\\\/\"}}]}<\/script>\n<!-- \/ Yoast SEO plugin. -->","yoast_head_json":{"title":"Contact - LNS Informatique","robots":{"index":"index","follow":"follow","max-snippet":"max-snippet:-1","max-image-preview":"max-image-preview:large","max-video-preview":"max-video-preview:-1"},"canonical":"http:\/\/lns-informatique.fr\/index.php\/contact\/","og_locale":"fr_FR","og_type":"article","og_title":"Contact - LNS Informatique","og_description":"Vous souhaitez un audit ou un devis gratuit ? N&rsquo;h\u00e9sitez pas \u00e0 nous contacter : Par t\u00e9l\u00e9phone ou via Whatsapp : +590 690 90 03 80. Par mail : contact@lns-informatique.fr ou via le formulaire suivant :","og_url":"http:\/\/lns-informatique.fr\/index.php\/contact\/","og_site_name":"LNS Informatique","article_modified_time":"2017-11-04T11:57:03+00:00","twitter_card":"summary_large_image","schema":{"@context":"https:\/\/schema.org","@graph":[{"@type":"WebPage","@id":"http:\/\/lns-informatique.fr\/index.php\/contact\/","url":"http:\/\/lns-informatique.fr\/index.php\/contact\/","name":"Contact - LNS Informatique","isPartOf":{"@id":"https:\/\/lns-informatique.fr\/#website"},"datePublished":"2017-11-03T11:28:13+00:00","dateModified":"2017-11-04T11:57:03+00:00","breadcrumb":{"@id":"http:\/\/lns-informatique.fr\/index.php\/contact\/#breadcrumb"},"inLanguage":"fr-FR","potentialAction":[{"@type":"ReadAction","target":["http:\/\/lns-informatique.fr\/index.php\/contact\/"]}]},{"@type":"BreadcrumbList","@id":"http:\/\/lns-informatique.fr\/index.php\/contact\/#breadcrumb","itemListElement":[{"@type":"ListItem","position":1,"name":"Accueil","item":"https:\/\/lns-informatique.fr\/"},{"@type":"ListItem","position":2,"name":"Contact"}]},{"@type":"WebSite","@id":"https:\/\/lns-informatique.fr\/#website","url":"https:\/\/lns-informatique.fr\/","name":"LNS Informatique","description":"Never be late again ...","publisher":{"@id":"https:\/\/lns-informatique.fr\/#organization"},"potentialAction":[{"@type":"SearchAction","target":{"@type":"EntryPoint","urlTemplate":"https:\/\/lns-informatique.fr\/?s={search_term_string}"},"query-input":{"@type":"PropertyValueSpecification","valueRequired":true,"valueName":"search_term_string"}}],"inLanguage":"fr-FR"},{"@type":"Organization","@id":"https:\/\/lns-informatique.fr\/#organization","name":"LNS Informatique","url":"https:\/\/lns-informatique.fr\/","logo":{"@type":"ImageObject","inLanguage":"fr-FR","@id":"https:\/\/lns-informatique.fr\/#\/schema\/logo\/image\/","url":"http:\/\/lns-informatique.fr\/wp-content\/uploads\/2017\/11\/cropped-Logo-LNS-150.png","contentUrl":"http:\/\/lns-informatique.fr\/wp-content\/uploads\/2017\/11\/cropped-Logo-LNS-150.png","width":512,"height":512,"caption":"LNS Informatique"},"image":{"@id":"https:\/\/lns-informatique.fr\/#\/schema\/logo\/image\/"}}]}},"_links":{"self":[{"href":"https:\/\/lns-informatique.fr\/index.php\/wp-json\/wp\/v2\/pages\/71","targetHints":{"allow":["GET"]}}],"collection":[{"href":"https:\/\/lns-informatique.fr\/index.php\/wp-json\/wp\/v2\/pages"}],"about":[{"href":"https:\/\/lns-informatique.fr\/index.php\/wp-json\/wp\/v2\/types\/page"}],"author":[{"embeddable":true,"href":"https:\/\/lns-informatique.fr\/index.php\/wp-json\/wp\/v2\/users\/2"}],"replies":[{"embeddable":true,"href":"https:\/\/lns-informatique.fr\/index.php\/wp-json\/wp\/v2\/comments?post=71"}],"version-history":[{"count":5,"href":"https:\/\/lns-informatique.fr\/index.php\/wp-json\/wp\/v2\/pages\/71\/revisions"}],"predecessor-version":[{"id":199,"href":"https:\/\/lns-informatique.fr\/index.php\/wp-json\/wp\/v2\/pages\/71\/revisions\/199"}],"wp:attachment":[{"href":"https:\/\/lns-informatique.fr\/index.php\/wp-json\/wp\/v2\/media?parent=71"}],"curies":[{"name":"wp","href":"https:\/\/api.w.org\/{rel}","templated":true}]}}